{"id":6383,"date":"2024-07-18T14:00:08","date_gmt":"2024-07-18T17:00:08","guid":{"rendered":"http:\/\/peabiru.org.br\/?page_id=6383"},"modified":"2024-07-18T14:00:08","modified_gmt":"2024-07-18T17:00:08","slug":"contenido-en-espanol","status":"publish","type":"page","link":"https:\/\/www.peabiru.org.br\/en\/contenido-en-espanol\/","title":{"rendered":"Contenido en Espa\u00f1ol"},"content":{"rendered":"<hr class=\"wp-block-separator has-css-opacity\"\/>\n\n\n<div class=\"wp-block-image\">\n<figure class=\"aligncenter size-medium\"><img loading=\"lazy\" decoding=\"async\" width=\"300\" height=\"181\" src=\"https:\/\/peabiru.org.br\/wp-content\/uploads\/2020\/04\/logo-peabiru-alta-qualidade-300x181.jpg\" alt=\"\" class=\"wp-image-7748\" srcset=\"https:\/\/www.peabiru.org.br\/wp-content\/uploads\/2020\/04\/logo-peabiru-alta-qualidade-300x181.jpg 300w, https:\/\/www.peabiru.org.br\/wp-content\/uploads\/2020\/04\/logo-peabiru-alta-qualidade-768x464.jpg 768w, https:\/\/www.peabiru.org.br\/wp-content\/uploads\/2020\/04\/logo-peabiru-alta-qualidade.jpg 800w\" sizes=\"auto, (max-width: 300px) 100vw, 300px\" \/><\/figure>\n<\/div>\n\n\n<div style=\"height:40px\" aria-hidden=\"true\" class=\"wp-block-spacer\"><\/div>\n\n\n\n<h2 class=\"wp-block-heading\"><strong>Quienes somos<\/strong><\/h2>\n\n\n\n<p>El Instituto Peabiru es una Organizaci\u00f3n de la Sociedad Civil Brasile\u00f1a de Inter\u00e9s P\u00fablico (Oscip), con 25 a\u00f1os de experiencia, con la misi\u00f3n de promover el protagonismo de los grupos sociales de la Amazon\u00eda para promover el pleno acceso a sus derechos fundamentales. Con sede en Bel\u00e9m, Par\u00e1, act\u00faa preferentemente en el bioma amaz\u00f3nico. En el estado de Par\u00e1, se presta especial atenci\u00f3n a tres regiones: Gran Bel\u00e9m, Maraj\u00f3 y Nordeste de Par\u00e1.<\/p>\n\n\n\n<h2 class=\"wp-block-heading\"><strong>Nuestra misi\u00f3n<\/strong><\/h2>\n\n\n\n<p>Fomentar el papel de los grupos sociales de la Amazon\u00eda para promover el pleno acceso a sus derechos fundamentales.<\/p>\n\n\n\n<h2 class=\"wp-block-heading\"><strong>\u00bfC\u00f3mo actuamos?<\/strong><\/h2>\n\n\n\n<ul class=\"wp-block-list\">\n<li>Procesos participativos de investigaci\u00f3n, reflexi\u00f3n y toma de decisiones \u2013 investigaci\u00f3n-acci\u00f3n<\/li>\n\n\n\n<li>Buenas pr\u00e1cticas de gesti\u00f3n de proyectos<\/li>\n\n\n\n<li>Seguridad en los procesos institucionales (cumplimiento)<\/li>\n\n\n\n<li>Nuestro enfoque de intervenci\u00f3n<\/li>\n\n\n\n<li>Investigaci\u00f3n para la Acci\u00f3n<\/li>\n\n\n\n<li>Enfoque territorial<\/li>\n\n\n\n<li>Perspectiva de g\u00e9nero y juventud<\/li>\n\n\n\n<li>Redes de actores socioproductivos<\/li>\n\n\n\n<li>Participaci\u00f3n de los interesados<\/li>\n\n\n\n<li>Construcci\u00f3n colectiva del conocimiento<\/li>\n<\/ul>\n\n\n\n<h2 class=\"wp-block-heading\"><strong>\u00c1reas de actuaci\u00f3n<\/strong><\/h2>\n\n\n\n<ol class=\"wp-block-list\">\n<li>Cadenas de valor de la Amazon\u00eda<\/li>\n\n\n\n<li>Protecci\u00f3n social<\/li>\n\n\n\n<li>Acci\u00f3n social empresarial<\/li>\n\n\n\n<li>Conservaci\u00f3n de la Biodiversidad<\/li>\n<\/ol>\n\n\n\n<h2 class=\"wp-block-heading\"><strong>Descubre nuestros proyectos<\/strong><\/h2>\n\n\n\n<p><a href=\"https:\/\/www.peabiru.org.br\/en\/projetos\/\">peabiru.org.br\/projetos<\/a> (<em>En portugu\u00e9s, con traducci\u00f3n autom\u00e1tica disponible<\/em>)<\/p>\n\n\n\n<h2 class=\"wp-block-heading\"><strong>Contactos<\/strong><\/h2>\n\n\n\n<p>E-mail: peabiru@peabiru.org.br<strong><br><\/strong>Tel\u00e9fono: +55 (91) 3222-6000<\/p>\n\n\n\n<div style=\"height:58px\" aria-hidden=\"true\" class=\"wp-block-spacer\"><\/div>\n\n\n\n<figure class=\"wp-block-gallery has-nested-images columns-default is-cropped wp-block-gallery-1 is-layout-flex wp-block-gallery-is-layout-flex\">\n<figure class=\"wp-block-image size-large\"><img loading=\"lazy\" decoding=\"async\" width=\"1200\" height=\"800\" data-id=\"12105\" src=\"https:\/\/peabiru.org.br\/wp-content\/uploads\/2022\/04\/210929_tipitix_produtoreseprodutos_chicoatanasio-61-reduzida.png\" alt=\"\" class=\"wp-image-12105\" srcset=\"https:\/\/www.peabiru.org.br\/wp-content\/uploads\/2022\/04\/210929_tipitix_produtoreseprodutos_chicoatanasio-61-reduzida.png 1200w, https:\/\/www.peabiru.org.br\/wp-content\/uploads\/2022\/04\/210929_tipitix_produtoreseprodutos_chicoatanasio-61-reduzida-300x200.png 300w, https:\/\/www.peabiru.org.br\/wp-content\/uploads\/2022\/04\/210929_tipitix_produtoreseprodutos_chicoatanasio-61-reduzida-1024x683.png 1024w, https:\/\/www.peabiru.org.br\/wp-content\/uploads\/2022\/04\/210929_tipitix_produtoreseprodutos_chicoatanasio-61-reduzida-768x512.png 768w\" sizes=\"auto, (max-width: 1200px) 100vw, 1200px\" \/><\/figure>\n\n\n\n<figure class=\"wp-block-image size-large\"><img loading=\"lazy\" decoding=\"async\" width=\"638\" height=\"510\" data-id=\"11815\" src=\"https:\/\/peabiru.org.br\/wp-content\/uploads\/2022\/02\/DSC_0234.png\" alt=\"\" class=\"wp-image-11815\" srcset=\"https:\/\/www.peabiru.org.br\/wp-content\/uploads\/2022\/02\/DSC_0234.png 638w, https:\/\/www.peabiru.org.br\/wp-content\/uploads\/2022\/02\/DSC_0234-300x240.png 300w\" sizes=\"auto, (max-width: 638px) 100vw, 638px\" \/><\/figure>\n\n\n\n<figure class=\"wp-block-image size-large\"><img loading=\"lazy\" decoding=\"async\" width=\"1920\" height=\"1080\" data-id=\"11773\" src=\"https:\/\/peabiru.org.br\/wp-content\/uploads\/2021\/12\/210803_ativa_oficinabioinsumos_barcarena_marianafaro-465-1.jpg\" alt=\"\" class=\"wp-image-11773\" srcset=\"https:\/\/www.peabiru.org.br\/wp-content\/uploads\/2021\/12\/210803_ativa_oficinabioinsumos_barcarena_marianafaro-465-1.jpg 1920w, https:\/\/www.peabiru.org.br\/wp-content\/uploads\/2021\/12\/210803_ativa_oficinabioinsumos_barcarena_marianafaro-465-1-300x169.jpg 300w, https:\/\/www.peabiru.org.br\/wp-content\/uploads\/2021\/12\/210803_ativa_oficinabioinsumos_barcarena_marianafaro-465-1-1024x576.jpg 1024w, https:\/\/www.peabiru.org.br\/wp-content\/uploads\/2021\/12\/210803_ativa_oficinabioinsumos_barcarena_marianafaro-465-1-768x432.jpg 768w, https:\/\/www.peabiru.org.br\/wp-content\/uploads\/2021\/12\/210803_ativa_oficinabioinsumos_barcarena_marianafaro-465-1-1536x864.jpg 1536w, https:\/\/www.peabiru.org.br\/wp-content\/uploads\/2021\/12\/210803_ativa_oficinabioinsumos_barcarena_marianafaro-465-1-2048x1152.jpg 2048w\" sizes=\"auto, (max-width: 1920px) 100vw, 1920px\" \/><\/figure>\n\n\n\n<figure class=\"wp-block-image size-large\"><img loading=\"lazy\" decoding=\"async\" width=\"1200\" height=\"800\" data-id=\"11785\" src=\"https:\/\/peabiru.org.br\/wp-content\/uploads\/2022\/02\/210724_Mangues_CleanUpDayBraganca_SanMarcelo-290.jpg\" alt=\"\" class=\"wp-image-11785\" srcset=\"https:\/\/www.peabiru.org.br\/wp-content\/uploads\/2022\/02\/210724_Mangues_CleanUpDayBraganca_SanMarcelo-290.jpg 1200w, https:\/\/www.peabiru.org.br\/wp-content\/uploads\/2022\/02\/210724_Mangues_CleanUpDayBraganca_SanMarcelo-290-300x200.jpg 300w, https:\/\/www.peabiru.org.br\/wp-content\/uploads\/2022\/02\/210724_Mangues_CleanUpDayBraganca_SanMarcelo-290-1024x683.jpg 1024w, https:\/\/www.peabiru.org.br\/wp-content\/uploads\/2022\/02\/210724_Mangues_CleanUpDayBraganca_SanMarcelo-290-768x512.jpg 768w\" sizes=\"auto, (max-width: 1200px) 100vw, 1200px\" \/><\/figure>\n\n\n\n<figure class=\"wp-block-image size-large\"><img loading=\"lazy\" decoding=\"async\" width=\"960\" height=\"513\" data-id=\"11633\" src=\"https:\/\/peabiru.org.br\/wp-content\/uploads\/2022\/02\/image-3.jpg\" alt=\"\" class=\"wp-image-11633\" srcset=\"https:\/\/www.peabiru.org.br\/wp-content\/uploads\/2022\/02\/image-3.jpg 960w, https:\/\/www.peabiru.org.br\/wp-content\/uploads\/2022\/02\/image-3-300x160.jpg 300w, https:\/\/www.peabiru.org.br\/wp-content\/uploads\/2022\/02\/image-3-768x410.jpg 768w\" sizes=\"auto, (max-width: 960px) 100vw, 960px\" \/><\/figure>\n\n\n\n<figure class=\"wp-block-image size-large\"><img loading=\"lazy\" decoding=\"async\" width=\"1620\" height=\"1080\" data-id=\"9275\" src=\"https:\/\/peabiru.org.br\/wp-content\/uploads\/2020\/12\/imagens-adolescentes-6.jpg\" alt=\"\" class=\"wp-image-9275\" srcset=\"https:\/\/www.peabiru.org.br\/wp-content\/uploads\/2020\/12\/imagens-adolescentes-6.jpg 1620w, https:\/\/www.peabiru.org.br\/wp-content\/uploads\/2020\/12\/imagens-adolescentes-6-300x200.jpg 300w, https:\/\/www.peabiru.org.br\/wp-content\/uploads\/2020\/12\/imagens-adolescentes-6-1024x683.jpg 1024w, https:\/\/www.peabiru.org.br\/wp-content\/uploads\/2020\/12\/imagens-adolescentes-6-768x512.jpg 768w, https:\/\/www.peabiru.org.br\/wp-content\/uploads\/2020\/12\/imagens-adolescentes-6-1536x1024.jpg 1536w, https:\/\/www.peabiru.org.br\/wp-content\/uploads\/2020\/12\/imagens-adolescentes-6-2048x1365.jpg 2048w\" sizes=\"auto, (max-width: 1620px) 100vw, 1620px\" \/><\/figure>\n\n\n\n<figure class=\"wp-block-image size-large\"><img loading=\"lazy\" decoding=\"async\" width=\"1620\" height=\"1080\" data-id=\"9283\" src=\"https:\/\/peabiru.org.br\/wp-content\/uploads\/2020\/12\/imagens-vmsj-2016-6.jpg\" alt=\"\" class=\"wp-image-9283\" srcset=\"https:\/\/www.peabiru.org.br\/wp-content\/uploads\/2020\/12\/imagens-vmsj-2016-6.jpg 1620w, https:\/\/www.peabiru.org.br\/wp-content\/uploads\/2020\/12\/imagens-vmsj-2016-6-300x200.jpg 300w, https:\/\/www.peabiru.org.br\/wp-content\/uploads\/2020\/12\/imagens-vmsj-2016-6-1024x683.jpg 1024w, https:\/\/www.peabiru.org.br\/wp-content\/uploads\/2020\/12\/imagens-vmsj-2016-6-768x512.jpg 768w, https:\/\/www.peabiru.org.br\/wp-content\/uploads\/2020\/12\/imagens-vmsj-2016-6-1536x1024.jpg 1536w, https:\/\/www.peabiru.org.br\/wp-content\/uploads\/2020\/12\/imagens-vmsj-2016-6-2048x1365.jpg 2048w\" sizes=\"auto, (max-width: 1620px) 100vw, 1620px\" \/><\/figure>\n\n\n\n<figure class=\"wp-block-image size-large\"><img loading=\"lazy\" decoding=\"async\" width=\"1620\" height=\"1080\" data-id=\"8904\" src=\"https:\/\/peabiru.org.br\/wp-content\/uploads\/2020\/10\/mvc1077-1.jpg\" alt=\"\" class=\"wp-image-8904\" srcset=\"https:\/\/www.peabiru.org.br\/wp-content\/uploads\/2020\/10\/mvc1077-1.jpg 1620w, https:\/\/www.peabiru.org.br\/wp-content\/uploads\/2020\/10\/mvc1077-1-300x200.jpg 300w, https:\/\/www.peabiru.org.br\/wp-content\/uploads\/2020\/10\/mvc1077-1-1024x683.jpg 1024w, https:\/\/www.peabiru.org.br\/wp-content\/uploads\/2020\/10\/mvc1077-1-768x512.jpg 768w, https:\/\/www.peabiru.org.br\/wp-content\/uploads\/2020\/10\/mvc1077-1-1536x1024.jpg 1536w, https:\/\/www.peabiru.org.br\/wp-content\/uploads\/2020\/10\/mvc1077-1-2048x1365.jpg 2048w\" sizes=\"auto, (max-width: 1620px) 100vw, 1620px\" \/><figcaption class=\"wp-element-caption\">Almeirim &#8211; Para &#8211; Brasil. \nFotos \u00a9 Terramar Filmes \/ Sementes do Amanha<\/figcaption><\/figure>\n\n\n\n<figure class=\"wp-block-image size-large\"><img loading=\"lazy\" decoding=\"async\" width=\"810\" height=\"1080\" data-id=\"8916\" src=\"https:\/\/peabiru.org.br\/wp-content\/uploads\/2020\/10\/20201004_091612.jpg\" alt=\"\" class=\"wp-image-8916\" srcset=\"https:\/\/www.peabiru.org.br\/wp-content\/uploads\/2020\/10\/20201004_091612.jpg 810w, https:\/\/www.peabiru.org.br\/wp-content\/uploads\/2020\/10\/20201004_091612-225x300.jpg 225w, https:\/\/www.peabiru.org.br\/wp-content\/uploads\/2020\/10\/20201004_091612-768x1024.jpg 768w, https:\/\/www.peabiru.org.br\/wp-content\/uploads\/2020\/10\/20201004_091612-1152x1536.jpg 1152w, https:\/\/www.peabiru.org.br\/wp-content\/uploads\/2020\/10\/20201004_091612-1536x2048.jpg 1536w\" sizes=\"auto, (max-width: 810px) 100vw, 810px\" \/><\/figure>\n\n\n\n<figure class=\"wp-block-image size-large\"><img loading=\"lazy\" decoding=\"async\" width=\"1280\" height=\"853\" data-id=\"8889\" src=\"https:\/\/peabiru.org.br\/wp-content\/uploads\/2020\/10\/21072012c2a9rafael-araujo-curuca-peabiru-00740.jpg\" alt=\"\" class=\"wp-image-8889\" srcset=\"https:\/\/www.peabiru.org.br\/wp-content\/uploads\/2020\/10\/21072012c2a9rafael-araujo-curuca-peabiru-00740.jpg 1280w, https:\/\/www.peabiru.org.br\/wp-content\/uploads\/2020\/10\/21072012c2a9rafael-araujo-curuca-peabiru-00740-300x200.jpg 300w, https:\/\/www.peabiru.org.br\/wp-content\/uploads\/2020\/10\/21072012c2a9rafael-araujo-curuca-peabiru-00740-1024x682.jpg 1024w, https:\/\/www.peabiru.org.br\/wp-content\/uploads\/2020\/10\/21072012c2a9rafael-araujo-curuca-peabiru-00740-768x512.jpg 768w\" sizes=\"auto, (max-width: 1280px) 100vw, 1280px\" \/><\/figure>\n\n\n\n<figure class=\"wp-block-image size-large\"><img loading=\"lazy\" decoding=\"async\" width=\"1920\" height=\"1080\" data-id=\"8891\" src=\"https:\/\/peabiru.org.br\/wp-content\/uploads\/2020\/10\/20150518_090013.jpg\" alt=\"\" class=\"wp-image-8891\" srcset=\"https:\/\/www.peabiru.org.br\/wp-content\/uploads\/2020\/10\/20150518_090013.jpg 1920w, https:\/\/www.peabiru.org.br\/wp-content\/uploads\/2020\/10\/20150518_090013-300x169.jpg 300w, https:\/\/www.peabiru.org.br\/wp-content\/uploads\/2020\/10\/20150518_090013-1024x576.jpg 1024w, https:\/\/www.peabiru.org.br\/wp-content\/uploads\/2020\/10\/20150518_090013-768x432.jpg 768w, https:\/\/www.peabiru.org.br\/wp-content\/uploads\/2020\/10\/20150518_090013-1536x864.jpg 1536w, https:\/\/www.peabiru.org.br\/wp-content\/uploads\/2020\/10\/20150518_090013-2048x1152.jpg 2048w\" sizes=\"auto, (max-width: 1920px) 100vw, 1920px\" \/><\/figure>\n\n\n\n<figure class=\"wp-block-image size-large\"><img loading=\"lazy\" decoding=\"async\" width=\"1620\" height=\"1080\" data-id=\"8810\" src=\"https:\/\/peabiru.org.br\/wp-content\/uploads\/2020\/10\/20072012c2a9rafael-araujo-curuca-peabiru-00450.jpg\" alt=\"\" class=\"wp-image-8810\" srcset=\"https:\/\/www.peabiru.org.br\/wp-content\/uploads\/2020\/10\/20072012c2a9rafael-araujo-curuca-peabiru-00450.jpg 1620w, https:\/\/www.peabiru.org.br\/wp-content\/uploads\/2020\/10\/20072012c2a9rafael-araujo-curuca-peabiru-00450-300x200.jpg 300w, https:\/\/www.peabiru.org.br\/wp-content\/uploads\/2020\/10\/20072012c2a9rafael-araujo-curuca-peabiru-00450-1024x683.jpg 1024w, https:\/\/www.peabiru.org.br\/wp-content\/uploads\/2020\/10\/20072012c2a9rafael-araujo-curuca-peabiru-00450-768x512.jpg 768w, https:\/\/www.peabiru.org.br\/wp-content\/uploads\/2020\/10\/20072012c2a9rafael-araujo-curuca-peabiru-00450-1536x1024.jpg 1536w, https:\/\/www.peabiru.org.br\/wp-content\/uploads\/2020\/10\/20072012c2a9rafael-araujo-curuca-peabiru-00450-2048x1365.jpg 2048w\" sizes=\"auto, (max-width: 1620px) 100vw, 1620px\" \/><\/figure>\n<\/figure>\n\n\n\n<p><\/p>","protected":false},"excerpt":{"rendered":"<p>El Instituto Peabiru es una Organizaci\u00f3n de la Sociedad Civil Brasile\u00f1a de Inter\u00e9s P\u00fablico (Oscip), con 25 a\u00f1os de experiencia<\/p>","protected":false},"author":2,"featured_media":0,"parent":0,"menu_order":0,"comment_status":"closed","ping_status":"closed","template":"","meta":{"advanced_seo_description":"","jetpack_seo_html_title":"","jetpack_seo_noindex":false,"footnotes":""},"class_list":["post-6383","page","type-page","status-publish","hentry"],"jetpack_sharing_enabled":true,"_links":{"self":[{"href":"https:\/\/www.peabiru.org.br\/en\/wp-json\/wp\/v2\/pages\/6383","targetHints":{"allow":["GET"]}}],"collection":[{"href":"https:\/\/www.peabiru.org.br\/en\/wp-json\/wp\/v2\/pages"}],"about":[{"href":"https:\/\/www.peabiru.org.br\/en\/wp-json\/wp\/v2\/types\/page"}],"author":[{"embeddable":true,"href":"https:\/\/www.peabiru.org.br\/en\/wp-json\/wp\/v2\/users\/2"}],"replies":[{"embeddable":true,"href":"https:\/\/www.peabiru.org.br\/en\/wp-json\/wp\/v2\/comments?post=6383"}],"version-history":[{"count":8,"href":"https:\/\/www.peabiru.org.br\/en\/wp-json\/wp\/v2\/pages\/6383\/revisions"}],"predecessor-version":[{"id":14650,"href":"https:\/\/www.peabiru.org.br\/en\/wp-json\/wp\/v2\/pages\/6383\/revisions\/14650"}],"wp:attachment":[{"href":"https:\/\/www.peabiru.org.br\/en\/wp-json\/wp\/v2\/media?parent=6383"}],"curies":[{"name":"wp","href":"https:\/\/api.w.org\/{rel}","templated":true}]}}