{"id":6039,"date":"2018-03-06T14:53:18","date_gmt":"2018-03-06T17:53:18","guid":{"rendered":"http:\/\/peabiru.org.br\/?page_id=6039"},"modified":"2025-12-12T17:04:33","modified_gmt":"2025-12-12T20:04:33","slug":"relatorios-anuais","status":"publish","type":"page","link":"https:\/\/www.peabiru.org.br\/en\/publicacoes\/relatorios-anuais\/","title":{"rendered":"Relat\u00f3rios Anuais"},"content":{"rendered":"<p>O Peabiru publica regularmente seus relat\u00f3rios de atividades. <br>Clique nos links abaixo para ter acesso aos Relat\u00f3rios anuais de atividades do Instituto Peabiru.<\/p>\n\n\n\n<hr class=\"wp-block-separator has-alpha-channel-opacity\"\/>\n\n\n\n<div class=\"wp-block-columns is-layout-flex wp-container-core-columns-is-layout-9d6595d7 wp-block-columns-is-layout-flex\">\n<div class=\"wp-block-column is-layout-flow wp-block-column-is-layout-flow\" style=\"flex-basis:100%\"><\/div>\n<\/div>\n\n\n\n<p class=\"has-text-align-center is-style-outline\" style=\"border-radius:0px\"><\/p>\n\n\n\n<figure class=\"wp-block-image size-large\"><img loading=\"lazy\" decoding=\"async\" width=\"1024\" height=\"724\" src=\"https:\/\/peabiru.org.br\/wp-content\/uploads\/2025\/09\/Atualizado-2024-Relatorio-Anual-Peabiru-capa-1-1024x724.jpg\" alt=\"\" class=\"wp-image-15153\" srcset=\"https:\/\/www.peabiru.org.br\/wp-content\/uploads\/2025\/09\/Atualizado-2024-Relatorio-Anual-Peabiru-capa-1-1024x724.jpg 1024w, https:\/\/www.peabiru.org.br\/wp-content\/uploads\/2025\/09\/Atualizado-2024-Relatorio-Anual-Peabiru-capa-1-300x212.jpg 300w, https:\/\/www.peabiru.org.br\/wp-content\/uploads\/2025\/09\/Atualizado-2024-Relatorio-Anual-Peabiru-capa-1-768x543.jpg 768w, https:\/\/www.peabiru.org.br\/wp-content\/uploads\/2025\/09\/Atualizado-2024-Relatorio-Anual-Peabiru-capa-1-1536x1086.jpg 1536w, https:\/\/www.peabiru.org.br\/wp-content\/uploads\/2025\/09\/Atualizado-2024-Relatorio-Anual-Peabiru-capa-1-18x12.jpg 18w, https:\/\/www.peabiru.org.br\/wp-content\/uploads\/2025\/09\/Atualizado-2024-Relatorio-Anual-Peabiru-capa-1.jpg 1920w\" sizes=\"auto, (max-width: 1024px) 100vw, 1024px\" \/><\/figure>\n\n\n\n<p class=\"has-text-align-center\"><\/p>\n\n\n\n<div class=\"wp-block-buttons is-content-justification-center is-layout-flex wp-container-core-buttons-is-layout-16018d1d wp-block-buttons-is-layout-flex\">\n<div class=\"wp-block-button is-style-outline is-style-outline--1\"><a class=\"wp-block-button__link wp-element-button\" href=\"https:\/\/peabiru.org.br\/wp-content\/uploads\/2025\/09\/Atualizado-2024-Relatorio-Anual-Peabiru-2.pdf\" style=\"border-radius:0px\">Relat\u00f3rio Anual de Atividades 2024<\/a><\/div>\n<\/div>\n\n\n\n<p class=\"has-text-align-center\"><\/p>\n\n\n\n<div class=\"wp-block-buttons is-content-justification-center is-layout-flex wp-container-core-buttons-is-layout-16018d1d wp-block-buttons-is-layout-flex\">\n<div class=\"wp-block-button is-style-outline is-style-outline--2\"><a class=\"wp-block-button__link wp-element-button\" href=\"https:\/\/peabiru.org.br\/wp-content\/uploads\/2025\/12\/ANNUAL-REPORT-PEABIRU-2024-.pdf\" style=\"border-radius:0px\">2024 Annual Activities Report [English Version]<\/a><\/div>\n<\/div>\n\n\n\n<p class=\"has-text-align-center\"><\/p>\n\n\n\n<p class=\"has-text-align-center is-style-outline\" style=\"border-radius:0px\"><\/p>\n\n\n\n<figure class=\"wp-block-image size-large\"><a href=\"https:\/\/peabiru.org.br\/wp-content\/uploads\/2024\/09\/2023-Relatorio-Anual-Peabiru_comprimido.pdf\"><img loading=\"lazy\" decoding=\"async\" width=\"1024\" height=\"1024\" src=\"https:\/\/peabiru.org.br\/wp-content\/uploads\/2024\/09\/Post-Site_01-1024x1024.jpg\" alt=\"Instituto Peabiru publica relat\u00f3rio anual de 2023\" class=\"wp-image-14800\" srcset=\"https:\/\/www.peabiru.org.br\/wp-content\/uploads\/2024\/09\/Post-Site_01-1024x1024.jpg 1024w, https:\/\/www.peabiru.org.br\/wp-content\/uploads\/2024\/09\/Post-Site_01-300x300.jpg 300w, https:\/\/www.peabiru.org.br\/wp-content\/uploads\/2024\/09\/Post-Site_01-150x150.jpg 150w, https:\/\/www.peabiru.org.br\/wp-content\/uploads\/2024\/09\/Post-Site_01-768x768.jpg 768w, https:\/\/www.peabiru.org.br\/wp-content\/uploads\/2024\/09\/Post-Site_01-12x12.jpg 12w, https:\/\/www.peabiru.org.br\/wp-content\/uploads\/2024\/09\/Post-Site_01.jpg 1080w\" sizes=\"auto, (max-width: 1024px) 100vw, 1024px\" \/><\/a><\/figure>\n\n\n\n<hr class=\"wp-block-separator has-text-color has-white-color has-css-opacity has-white-background-color has-background\"\/>\n\n\n\n<div class=\"wp-block-buttons is-content-justification-center is-layout-flex wp-container-core-buttons-is-layout-16018d1d wp-block-buttons-is-layout-flex\">\n<div class=\"wp-block-button is-style-outline is-style-outline--3\"><a class=\"wp-block-button__link wp-element-button\" href=\"https:\/\/peabiru.org.br\/wp-content\/uploads\/2024\/09\/2023-Relatorio-Anual-Peabiru_comprimido.pdf\" style=\"border-radius:0px\">Relat\u00f3rio de Atividades 2023<\/a><\/div>\n\n\n\n<div class=\"wp-block-button is-style-outline is-style-outline--4\"><a class=\"wp-block-button__link wp-element-button\" style=\"border-radius:0px\">2023 Annual Activities Report [English Version]<\/a><\/div>\n<\/div>\n\n\n\n<hr class=\"wp-block-separator has-alpha-channel-opacity\"\/>\n\n\n\n<div class=\"wp-block-buttons is-content-justification-center is-layout-flex wp-container-core-buttons-is-layout-16018d1d wp-block-buttons-is-layout-flex\">\n<div class=\"wp-block-button is-style-outline is-style-outline--5\"><a class=\"wp-block-button__link has-black-color has-white-background-color has-text-color has-background has-link-color wp-element-button\" href=\"https:\/\/www.peabiru.org.br\/wp-content\/uploads\/2023\/11\/2022-Annual-Activities-Report-Instituto-Peabiru_v2_compressed.pdf\" style=\"border-radius:0px\">2022 Annual Activities Report [English version]<\/a><\/div>\n<\/div>\n\n\n\n<p><\/p>\n\n\n\n<div class=\"wp-block-buttons is-content-justification-center is-layout-flex wp-container-core-buttons-is-layout-16018d1d wp-block-buttons-is-layout-flex\">\n<div class=\"wp-block-button is-style-outline is-style-outline--6\"><a class=\"wp-block-button__link has-black-color has-white-background-color has-text-color has-background has-link-color wp-element-button\" href=\"https:\/\/www.peabiru.org.br\/wp-content\/uploads\/2023\/09\/Relatorio-Anual-de-Atividades-de-2022-Instituto-Peabiru-v2.pdf\" style=\"border-radius:0px\">Relat\u00f3rio de Atividades 2022<\/a><\/div>\n<\/div>\n\n\n\n<hr class=\"wp-block-separator has-text-color has-white-color has-alpha-channel-opacity has-white-background-color has-background\"\/>\n\n\n\n<div class=\"wp-block-buttons is-content-justification-center is-layout-flex wp-container-core-buttons-is-layout-16018d1d wp-block-buttons-is-layout-flex\">\n<div class=\"wp-block-button is-style-outline is-style-outline--7\"><a class=\"wp-block-button__link has-black-color has-white-background-color has-text-color has-background wp-element-button\" href=\"https:\/\/peabiru.org.br\/wp-content\/uploads\/2022\/07\/RelatorioAnual2021_final.pdf\" style=\"border-radius:0px\">Relat\u00f3rio de Atividades 2021<\/a><\/div>\n<\/div>\n\n\n\n<hr class=\"wp-block-separator has-text-color has-white-color has-alpha-channel-opacity has-white-background-color has-background\"\/>\n\n\n\n<div class=\"wp-block-buttons is-content-justification-center is-layout-flex wp-container-core-buttons-is-layout-16018d1d wp-block-buttons-is-layout-flex\">\n<div class=\"wp-block-button is-style-outline is-style-outline--8\"><a class=\"wp-block-button__link has-black-color has-white-background-color has-text-color has-background wp-element-button\" href=\"https:\/\/peabiru.org.br\/wp-content\/uploads\/2022\/11\/Instituto-Peabiru-Annual-report-2021-English.pdf\" style=\"border-radius:0px\">2021 Annual Activities Report [English version]<\/a><\/div>\n<\/div>\n\n\n\n<hr class=\"wp-block-separator has-text-color has-white-color has-alpha-channel-opacity has-white-background-color has-background\"\/>\n\n\n\n<div class=\"wp-block-buttons is-content-justification-center is-layout-flex wp-container-core-buttons-is-layout-16018d1d wp-block-buttons-is-layout-flex\">\n<div class=\"wp-block-button is-style-outline is-style-outline--9\"><a class=\"wp-block-button__link has-black-color has-white-background-color has-text-color has-background wp-element-button\" href=\"https:\/\/peabiru.org.br\/wp-content\/uploads\/2021\/05\/210531_relatorioanualpeabiru2020-online.pdf\" style=\"border-radius:0px\">Relat\u00f3rio de Atividades 2020<\/a><\/div>\n<\/div>\n\n\n\n<hr class=\"wp-block-separator has-text-color has-white-color has-css-opacity has-white-background-color has-background\"\/>\n\n\n\n<div class=\"wp-block-buttons is-content-justification-center is-layout-flex wp-container-core-buttons-is-layout-16018d1d wp-block-buttons-is-layout-flex\">\n<div class=\"wp-block-button is-style-outline is-style-outline--10\"><a class=\"wp-block-button__link has-black-color has-white-background-color has-text-color has-background wp-element-button\" href=\"https:\/\/peabiru.org.br\/wp-content\/uploads\/2020\/06\/relatorio-anual-2019.v2.pdf\" style=\"border-radius:0px\">Relat\u00f3rio de Atividades 2019<\/a><\/div>\n<\/div>\n\n\n\n<hr class=\"wp-block-separator has-text-color has-white-color has-css-opacity has-white-background-color has-background\"\/>\n\n\n\n<div class=\"wp-block-buttons is-content-justification-center is-layout-flex wp-container-core-buttons-is-layout-16018d1d wp-block-buttons-is-layout-flex\">\n<div class=\"wp-block-button is-style-outline is-style-outline--11\"><a class=\"wp-block-button__link has-black-color has-white-background-color has-text-color has-background wp-element-button\" href=\"https:\/\/peabiru.org.br\/wp-content\/uploads\/2019\/05\/190524-peabiru-relatorio-anual-2018.pdf\" style=\"border-radius:0px\">Relat\u00f3rio de Atividades 2018<\/a><\/div>\n<\/div>\n\n\n\n<hr class=\"wp-block-separator has-text-color has-white-color has-css-opacity has-white-background-color has-background\"\/>\n\n\n\n<div class=\"wp-block-buttons is-content-justification-center is-layout-flex wp-container-core-buttons-is-layout-16018d1d wp-block-buttons-is-layout-flex\">\n<div class=\"wp-block-button is-style-outline is-style-outline--12\"><a class=\"wp-block-button__link has-black-color has-white-background-color has-text-color has-background wp-element-button\" href=\"https:\/\/peabiru.org.br\/wp-content\/uploads\/2018\/06\/180608_relatorio_anual_2017.pdf\" style=\"border-radius:0px\">Relat\u00f3rio de Atividades 2017<\/a><\/div>\n<\/div>\n\n\n\n<hr class=\"wp-block-separator has-text-color has-white-color has-css-opacity has-white-background-color has-background\"\/>\n\n\n\n<div class=\"wp-block-buttons is-content-justification-center is-layout-flex wp-container-core-buttons-is-layout-16018d1d wp-block-buttons-is-layout-flex\">\n<div class=\"wp-block-button is-style-outline is-style-outline--13\"><a class=\"wp-block-button__link has-white-background-color has-background wp-element-button\" href=\"https:\/\/peabiru.org.br\/wp-content\/uploads\/2017\/07\/171009_peabiru-relatorioanual2016.pdf\" style=\"border-radius:0px\">Relat\u00f3rio de Atividades 2016<\/a><\/div>\n<\/div>\n\n\n\n<hr class=\"wp-block-separator has-text-color has-white-color has-css-opacity has-white-background-color has-background\"\/>\n\n\n\n<div class=\"wp-block-buttons is-content-justification-center is-layout-flex wp-container-core-buttons-is-layout-16018d1d wp-block-buttons-is-layout-flex\">\n<div class=\"wp-block-button is-style-outline is-style-outline--14\"><a class=\"wp-block-button__link has-black-color has-white-background-color has-text-color has-background wp-element-button\" href=\"https:\/\/peabiru.org.br\/wp-content\/uploads\/2016\/05\/160427_relatorioanual2015_v3.pdf\" style=\"border-radius:0px\">Relat\u00f3rio de Atividades 2015<\/a><\/div>\n<\/div>\n\n\n\n<hr class=\"wp-block-separator has-text-color has-white-color has-css-opacity has-white-background-color has-background\"\/>\n\n\n\n<div class=\"wp-block-buttons is-content-justification-center is-layout-flex wp-container-core-buttons-is-layout-16018d1d wp-block-buttons-is-layout-flex\">\n<div class=\"wp-block-button is-style-outline is-style-outline--15\"><a class=\"wp-block-button__link has-black-color has-white-background-color has-text-color has-background wp-element-button\" href=\"https:\/\/peabiru.org.br\/wp-content\/uploads\/2015\/07\/peabiru-relatorioanual2014.pdf\" style=\"border-radius:0px\">Relat\u00f3rio de Atividades 2014<\/a><\/div>\n<\/div>\n\n\n\n<hr class=\"wp-block-separator has-text-color has-white-color has-css-opacity has-white-background-color has-background\"\/>\n\n\n\n<div class=\"wp-block-buttons is-content-justification-center is-layout-flex wp-container-core-buttons-is-layout-16018d1d wp-block-buttons-is-layout-flex\">\n<div class=\"wp-block-button is-style-outline is-style-outline--16\"><a class=\"wp-block-button__link has-black-color has-white-background-color has-text-color has-background wp-element-button\" href=\"https:\/\/peabiru.org.br\/wp-content\/uploads\/2014\/05\/140528relatorioatividades2012-2013.pdf\" style=\"border-radius:0px\">Relat\u00f3rio de Atividades 2012-13<\/a><\/div>\n<\/div>\n\n\n\n<hr class=\"wp-block-separator has-text-color has-white-color has-css-opacity has-white-background-color has-background\"\/>\n\n\n\n<div class=\"wp-block-buttons is-content-justification-center is-layout-flex wp-container-core-buttons-is-layout-16018d1d wp-block-buttons-is-layout-flex\">\n<div class=\"wp-block-button is-style-outline is-style-outline--17\"><a class=\"wp-block-button__link has-black-color has-white-background-color has-text-color has-background wp-element-button\" href=\"https:\/\/www.slideshare.net\/institutopeabiru\/relatorio-anual-peabiru-2011navegavel\" style=\"border-radius:0px\">Relat\u00f3rio de Atividades 2011<\/a><\/div>\n<\/div>\n\n\n\n<div style=\"height:100px\" aria-hidden=\"true\" class=\"wp-block-spacer\"><\/div>","protected":false},"excerpt":{"rendered":"<p>O Peabiru publica regularmente seus relat\u00f3rios de atividades. Clique nos links abaixo para ter acesso aos Relat\u00f3rios anuais de atividades do Instituto Peabiru.<\/p>","protected":false},"author":2,"featured_media":0,"parent":403,"menu_order":0,"comment_status":"closed","ping_status":"closed","template":"template-fullwidth.php","meta":{"advanced_seo_description":"","jetpack_seo_html_title":"","jetpack_seo_noindex":false,"footnotes":""},"class_list":["post-6039","page","type-page","status-publish","hentry"],"jetpack_sharing_enabled":false,"_links":{"self":[{"href":"https:\/\/www.peabiru.org.br\/en\/wp-json\/wp\/v2\/pages\/6039","targetHints":{"allow":["GET"]}}],"collection":[{"href":"https:\/\/www.peabiru.org.br\/en\/wp-json\/wp\/v2\/pages"}],"about":[{"href":"https:\/\/www.peabiru.org.br\/en\/wp-json\/wp\/v2\/types\/page"}],"author":[{"embeddable":true,"href":"https:\/\/www.peabiru.org.br\/en\/wp-json\/wp\/v2\/users\/2"}],"replies":[{"embeddable":true,"href":"https:\/\/www.peabiru.org.br\/en\/wp-json\/wp\/v2\/comments?post=6039"}],"version-history":[{"count":28,"href":"https:\/\/www.peabiru.org.br\/en\/wp-json\/wp\/v2\/pages\/6039\/revisions"}],"predecessor-version":[{"id":15389,"href":"https:\/\/www.peabiru.org.br\/en\/wp-json\/wp\/v2\/pages\/6039\/revisions\/15389"}],"up":[{"embeddable":true,"href":"https:\/\/www.peabiru.org.br\/en\/wp-json\/wp\/v2\/pages\/403"}],"wp:attachment":[{"href":"https:\/\/www.peabiru.org.br\/en\/wp-json\/wp\/v2\/media?parent=6039"}],"curies":[{"name":"wp","href":"https:\/\/api.w.org\/{rel}","templated":true}]}}