{"id":2703,"date":"2024-06-26T16:37:31","date_gmt":"2024-06-26T19:37:31","guid":{"rendered":"http:\/\/peabiru.org.br\/?page_id=2703"},"modified":"2025-05-29T15:52:51","modified_gmt":"2025-05-29T18:52:51","slug":"aboutus","status":"publish","type":"page","link":"https:\/\/www.peabiru.org.br\/en\/aboutus\/","title":{"rendered":"About Us"},"content":{"rendered":"<div class=\"wp-block-image\">\n<figure class=\"aligncenter size-full\"><img loading=\"lazy\" decoding=\"async\" width=\"800\" height=\"483\" src=\"https:\/\/peabiru.org.br\/wp-content\/uploads\/2020\/04\/logo-peabiru-alta-qualidade.jpg\" alt=\"\" class=\"wp-image-7748\" srcset=\"https:\/\/www.peabiru.org.br\/wp-content\/uploads\/2020\/04\/logo-peabiru-alta-qualidade.jpg 800w, https:\/\/www.peabiru.org.br\/wp-content\/uploads\/2020\/04\/logo-peabiru-alta-qualidade-300x181.jpg 300w, https:\/\/www.peabiru.org.br\/wp-content\/uploads\/2020\/04\/logo-peabiru-alta-qualidade-768x464.jpg 768w\" sizes=\"auto, (max-width: 800px) 100vw, 800px\" \/><\/figure>\n<\/div>\n\n\n<hr class=\"wp-block-separator has-css-opacity\"\/>\n\n\n\n<h2 class=\"wp-block-heading\"><strong>Who we are<\/strong><\/h2>\n\n\n\n<p>Instituto Peabiru is a Brazilian NGO classified as a Civil Society Organization of Public Interest (Oscip), with 25 years of experience, with the mission of fostering the protagonism of social groups in the Amazon to promote full access to their fundamental rights. Based in Bel\u00e9m, Par\u00e1, it operates preferably in the Amazon biome. In the state of Par\u00e1, special attention is paid to three regions: Greater Bel\u00e9m, Maraj\u00f3 and Northeast Par\u00e1.<\/p>\n\n\n\n<h2 class=\"wp-block-heading\"><strong>Our mission<\/strong><\/h2>\n\n\n\n<p><em>Foster the role of social groups in the Amazon to promote full access to their fundamental rights.<\/em><\/p>\n\n\n\n<h2 class=\"wp-block-heading\"><strong>How do we act?<\/strong><\/h2>\n\n\n\n<ul class=\"wp-block-list\">\n<li>Participatory research, reflection and decision-making processes \u2013 action research<\/li>\n\n\n\n<li>Good project management practices<\/li>\n\n\n\n<li>Security in institutional processes (compliance)<\/li>\n<\/ul>\n\n\n\n<h2 class=\"wp-block-heading\"><strong>Our intervention approach<\/strong><\/h2>\n\n\n\n<ul class=\"wp-block-list\">\n<li>Action research<\/li>\n\n\n\n<li>Territorial approach<\/li>\n\n\n\n<li>Gender and youth perspective<\/li>\n\n\n\n<li>Networks of socio-productive actors<\/li>\n\n\n\n<li>Stakeholder engagement<\/li>\n\n\n\n<li>Collective construction of knowledge<\/li>\n<\/ul>\n\n\n\n<h2 class=\"wp-block-heading\"><strong>Areas of expertise<\/strong><\/h2>\n\n\n\n<ol class=\"wp-block-list\">\n<li>Amazon Value Chains<\/li>\n\n\n\n<li>Social Protection<\/li>\n\n\n\n<li>corporate social action<\/li>\n\n\n\n<li>Biodiversity conservation<\/li>\n<\/ol>\n\n\n\n<h2 class=\"wp-block-heading\"><strong>Discover our projects<\/strong><\/h2>\n\n\n\n<p><a href=\"https:\/\/www.peabiru.org.br\/en\/projetos\/\">http:\/\/peabiru.org.br\/projetos<\/a> (<em>In Portuguese, with automatic translation available<\/em>)<a href=\"https:\/\/www.peabiru.org.br\/en\/projetos\/\"><br><\/a><\/p>\n\n\n\n<h2 class=\"wp-block-heading\"><strong>Other english content on Peabiru activities<\/strong><\/h2>\n\n\n\n<figure class=\"wp-block-image size-full\"><img loading=\"lazy\" decoding=\"async\" width=\"1274\" height=\"853\" src=\"https:\/\/peabiru.org.br\/wp-content\/uploads\/2025\/05\/Captura-de-Tela-2025-05-29-as-15.51.51.jpg\" alt=\"\" class=\"wp-image-15063\" srcset=\"https:\/\/www.peabiru.org.br\/wp-content\/uploads\/2025\/05\/Captura-de-Tela-2025-05-29-as-15.51.51.jpg 1274w, https:\/\/www.peabiru.org.br\/wp-content\/uploads\/2025\/05\/Captura-de-Tela-2025-05-29-as-15.51.51-300x201.jpg 300w, https:\/\/www.peabiru.org.br\/wp-content\/uploads\/2025\/05\/Captura-de-Tela-2025-05-29-as-15.51.51-1024x686.jpg 1024w, https:\/\/www.peabiru.org.br\/wp-content\/uploads\/2025\/05\/Captura-de-Tela-2025-05-29-as-15.51.51-768x514.jpg 768w, https:\/\/www.peabiru.org.br\/wp-content\/uploads\/2025\/05\/Captura-de-Tela-2025-05-29-as-15.51.51-18x12.jpg 18w\" sizes=\"auto, (max-width: 1274px) 100vw, 1274px\" \/><\/figure>\n\n\n\n<p>\u27a5 <a href=\"https:\/\/peabiru.org.br\/wp-content\/uploads\/2024\/12\/2023-Annual-Report_Instituto-Peabiru_compress-1-1.pdf\" data-type=\"link\" data-id=\"https:\/\/peabiru.org.br\/wp-content\/uploads\/2024\/12\/2023-Annual-Report_Instituto-Peabiru_compress-1-1.pdf\">Activities Annual Report 2023<\/a> [New!]<\/p>\n\n\n\n<p>\u27a5 <a href=\"https:\/\/www.peabiru.org.br\/wp-content\/uploads\/2023\/11\/2022-Annual-Activities-Report-Instituto-Peabiru_v2_compressed.pdf\" data-type=\"link\" data-id=\"https:\/\/www.peabiru.org.br\/wp-content\/uploads\/2023\/11\/2022-Annual-Activities-Report-Instituto-Peabiru_v2_compressed.pdf\">Activities Annual Report 2022<\/a> <br>\u27a5 <a href=\"https:\/\/youtu.be\/N1-jtIYK_Jw\">Amazon Nectar Project<\/a><br>\u27a5 <a href=\"https:\/\/www.peabiru.org.br\/en\/light-for-a-better-life\/\">Life for a Better life Project<\/a><br>\u27a5 <a href=\"https:\/\/www.peabiru.org.br\/en\/light-for-a-better-life\/\">Articles<\/a><\/p>\n\n\n\n<hr class=\"wp-block-separator has-css-opacity\"\/>\n\n\n\n<h2 class=\"wp-block-heading\"><strong>Contact<\/strong><\/h2>\n\n\n\n<p>Mail: peabiru@peabiru.org.br<br>Phone: +55 91 3222 6000<\/p>\n\n\n\n<hr class=\"wp-block-separator has-css-opacity\"\/>\n\n\n\n<p><strong>Gallery of images<\/strong><\/p>\n\n\n\n<div class=\"wp-block-jetpack-slideshow aligncenter\" data-effect=\"slide\"><div class=\"wp-block-jetpack-slideshow_container swiper-container\"><ul class=\"wp-block-jetpack-slideshow_swiper-wrapper swiper-wrapper\"><li class=\"wp-block-jetpack-slideshow_slide swiper-slide\"><figure><img loading=\"lazy\" decoding=\"async\" width=\"1920\" height=\"1280\" alt=\"\" class=\"wp-block-jetpack-slideshow_image wp-image-7145\" data-id=\"7145\" src=\"https:\/\/peabiru.org.br\/wp-content\/uploads\/2019\/08\/151111-pingo-dagua-curuca-foto-r-araujo.jpg\" srcset=\"https:\/\/www.peabiru.org.br\/wp-content\/uploads\/2019\/08\/151111-pingo-dagua-curuca-foto-r-araujo.jpg 1920w, https:\/\/www.peabiru.org.br\/wp-content\/uploads\/2019\/08\/151111-pingo-dagua-curuca-foto-r-araujo-300x200.jpg 300w, https:\/\/www.peabiru.org.br\/wp-content\/uploads\/2019\/08\/151111-pingo-dagua-curuca-foto-r-araujo-1024x683.jpg 1024w, https:\/\/www.peabiru.org.br\/wp-content\/uploads\/2019\/08\/151111-pingo-dagua-curuca-foto-r-araujo-768x512.jpg 768w, https:\/\/www.peabiru.org.br\/wp-content\/uploads\/2019\/08\/151111-pingo-dagua-curuca-foto-r-araujo-1536x1024.jpg 1536w, https:\/\/www.peabiru.org.br\/wp-content\/uploads\/2019\/08\/151111-pingo-dagua-curuca-foto-r-araujo-2048x1365.jpg 2048w\" sizes=\"auto, (max-width: 1920px) 100vw, 1920px\" \/><\/figure><\/li><li class=\"wp-block-jetpack-slideshow_slide swiper-slide\"><figure><img loading=\"lazy\" decoding=\"async\" width=\"1920\" height=\"1440\" alt=\"\" class=\"wp-block-jetpack-slideshow_image wp-image-7121\" data-id=\"7121\" src=\"https:\/\/peabiru.org.br\/wp-content\/uploads\/2019\/08\/img_1790.jpg\" srcset=\"https:\/\/www.peabiru.org.br\/wp-content\/uploads\/2019\/08\/img_1790.jpg 1920w, https:\/\/www.peabiru.org.br\/wp-content\/uploads\/2019\/08\/img_1790-300x225.jpg 300w, https:\/\/www.peabiru.org.br\/wp-content\/uploads\/2019\/08\/img_1790-1024x768.jpg 1024w, https:\/\/www.peabiru.org.br\/wp-content\/uploads\/2019\/08\/img_1790-768x576.jpg 768w, https:\/\/www.peabiru.org.br\/wp-content\/uploads\/2019\/08\/img_1790-1536x1152.jpg 1536w, https:\/\/www.peabiru.org.br\/wp-content\/uploads\/2019\/08\/img_1790-2048x1536.jpg 2048w\" sizes=\"auto, (max-width: 1920px) 100vw, 1920px\" \/><\/figure><\/li><li class=\"wp-block-jetpack-slideshow_slide swiper-slide\"><figure><img loading=\"lazy\" decoding=\"async\" width=\"1920\" height=\"1280\" alt=\"\" class=\"wp-block-jetpack-slideshow_image wp-image-6911\" data-id=\"6911\" src=\"https:\/\/peabiru.org.br\/wp-content\/uploads\/2019\/05\/img_1489.jpg\" srcset=\"https:\/\/www.peabiru.org.br\/wp-content\/uploads\/2019\/05\/img_1489.jpg 1920w, https:\/\/www.peabiru.org.br\/wp-content\/uploads\/2019\/05\/img_1489-300x200.jpg 300w, https:\/\/www.peabiru.org.br\/wp-content\/uploads\/2019\/05\/img_1489-1024x683.jpg 1024w, https:\/\/www.peabiru.org.br\/wp-content\/uploads\/2019\/05\/img_1489-768x512.jpg 768w, https:\/\/www.peabiru.org.br\/wp-content\/uploads\/2019\/05\/img_1489-1536x1024.jpg 1536w, https:\/\/www.peabiru.org.br\/wp-content\/uploads\/2019\/05\/img_1489-2048x1365.jpg 2048w\" sizes=\"auto, (max-width: 1920px) 100vw, 1920px\" \/><\/figure><\/li><li class=\"wp-block-jetpack-slideshow_slide swiper-slide\"><figure><img loading=\"lazy\" decoding=\"async\" width=\"1920\" height=\"1272\" alt=\"\" class=\"wp-block-jetpack-slideshow_image wp-image-6879\" data-id=\"6879\" src=\"https:\/\/peabiru.org.br\/wp-content\/uploads\/2019\/03\/dsc6568_1.jpg\" srcset=\"https:\/\/www.peabiru.org.br\/wp-content\/uploads\/2019\/03\/dsc6568_1.jpg 1920w, https:\/\/www.peabiru.org.br\/wp-content\/uploads\/2019\/03\/dsc6568_1-300x199.jpg 300w, https:\/\/www.peabiru.org.br\/wp-content\/uploads\/2019\/03\/dsc6568_1-1024x678.jpg 1024w, https:\/\/www.peabiru.org.br\/wp-content\/uploads\/2019\/03\/dsc6568_1-768x509.jpg 768w, https:\/\/www.peabiru.org.br\/wp-content\/uploads\/2019\/03\/dsc6568_1-1536x1017.jpg 1536w, https:\/\/www.peabiru.org.br\/wp-content\/uploads\/2019\/03\/dsc6568_1-2048x1357.jpg 2048w\" sizes=\"auto, (max-width: 1920px) 100vw, 1920px\" \/><\/figure><\/li><li class=\"wp-block-jetpack-slideshow_slide swiper-slide\"><figure><img loading=\"lazy\" decoding=\"async\" width=\"1920\" height=\"1440\" alt=\"\" class=\"wp-block-jetpack-slideshow_image wp-image-6665\" data-id=\"6665\" src=\"https:\/\/peabiru.org.br\/wp-content\/uploads\/2018\/12\/20181207_095650.jpg\" srcset=\"https:\/\/www.peabiru.org.br\/wp-content\/uploads\/2018\/12\/20181207_095650.jpg 1920w, https:\/\/www.peabiru.org.br\/wp-content\/uploads\/2018\/12\/20181207_095650-300x225.jpg 300w, https:\/\/www.peabiru.org.br\/wp-content\/uploads\/2018\/12\/20181207_095650-1024x768.jpg 1024w, https:\/\/www.peabiru.org.br\/wp-content\/uploads\/2018\/12\/20181207_095650-768x576.jpg 768w, https:\/\/www.peabiru.org.br\/wp-content\/uploads\/2018\/12\/20181207_095650-1536x1152.jpg 1536w, https:\/\/www.peabiru.org.br\/wp-content\/uploads\/2018\/12\/20181207_095650-2048x1536.jpg 2048w\" sizes=\"auto, (max-width: 1920px) 100vw, 1920px\" \/><\/figure><\/li><li class=\"wp-block-jetpack-slideshow_slide swiper-slide\"><figure><img loading=\"lazy\" decoding=\"async\" width=\"1920\" height=\"1280\" alt=\"\" class=\"wp-block-jetpack-slideshow_image wp-image-6676\" data-id=\"6676\" src=\"https:\/\/peabiru.org.br\/wp-content\/uploads\/2018\/12\/21072012\u00aeRafael-Araujo-Curuca-Peabiru-00867.jpg\" srcset=\"https:\/\/www.peabiru.org.br\/wp-content\/uploads\/2018\/12\/21072012\u00aeRafael-Araujo-Curuca-Peabiru-00867.jpg 1920w, https:\/\/www.peabiru.org.br\/wp-content\/uploads\/2018\/12\/21072012\u00aeRafael-Araujo-Curuca-Peabiru-00867-300x200.jpg 300w, https:\/\/www.peabiru.org.br\/wp-content\/uploads\/2018\/12\/21072012\u00aeRafael-Araujo-Curuca-Peabiru-00867-1024x683.jpg 1024w, https:\/\/www.peabiru.org.br\/wp-content\/uploads\/2018\/12\/21072012\u00aeRafael-Araujo-Curuca-Peabiru-00867-768x512.jpg 768w, https:\/\/www.peabiru.org.br\/wp-content\/uploads\/2018\/12\/21072012\u00aeRafael-Araujo-Curuca-Peabiru-00867-1536x1024.jpg 1536w, https:\/\/www.peabiru.org.br\/wp-content\/uploads\/2018\/12\/21072012\u00aeRafael-Araujo-Curuca-Peabiru-00867-2048x1365.jpg 2048w\" sizes=\"auto, (max-width: 1920px) 100vw, 1920px\" \/><\/figure><\/li><li class=\"wp-block-jetpack-slideshow_slide swiper-slide\"><figure><img loading=\"lazy\" decoding=\"async\" width=\"800\" height=\"533\" alt=\"\" class=\"wp-block-jetpack-slideshow_image wp-image-6454\" data-id=\"6454\" src=\"https:\/\/peabiru.org.br\/wp-content\/uploads\/2018\/08\/mg_4315-copia-copia.jpg\" srcset=\"https:\/\/www.peabiru.org.br\/wp-content\/uploads\/2018\/08\/mg_4315-copia-copia.jpg 800w, https:\/\/www.peabiru.org.br\/wp-content\/uploads\/2018\/08\/mg_4315-copia-copia-300x200.jpg 300w, https:\/\/www.peabiru.org.br\/wp-content\/uploads\/2018\/08\/mg_4315-copia-copia-768x512.jpg 768w\" sizes=\"auto, (max-width: 800px) 100vw, 800px\" \/><\/figure><\/li><li class=\"wp-block-jetpack-slideshow_slide swiper-slide\"><figure><img loading=\"lazy\" decoding=\"async\" width=\"800\" height=\"533\" alt=\"\" class=\"wp-block-jetpack-slideshow_image wp-image-6401\" data-id=\"6401\" src=\"https:\/\/peabiru.org.br\/wp-content\/uploads\/2018\/07\/rafael_araujo_operc3a1ria-da-espc3a9cie-uruc3a7c3ba-amarela-melipona-flavolineata-resguardando-o-pote-de-mel-curuc3a7c3a1-pa3.jpg\" srcset=\"https:\/\/www.peabiru.org.br\/wp-content\/uploads\/2018\/07\/rafael_araujo_operc3a1ria-da-espc3a9cie-uruc3a7c3ba-amarela-melipona-flavolineata-resguardando-o-pote-de-mel-curuc3a7c3a1-pa3.jpg 800w, https:\/\/www.peabiru.org.br\/wp-content\/uploads\/2018\/07\/rafael_araujo_operc3a1ria-da-espc3a9cie-uruc3a7c3ba-amarela-melipona-flavolineata-resguardando-o-pote-de-mel-curuc3a7c3a1-pa3-300x200.jpg 300w, https:\/\/www.peabiru.org.br\/wp-content\/uploads\/2018\/07\/rafael_araujo_operc3a1ria-da-espc3a9cie-uruc3a7c3ba-amarela-melipona-flavolineata-resguardando-o-pote-de-mel-curuc3a7c3a1-pa3-768x512.jpg 768w\" sizes=\"auto, (max-width: 800px) 100vw, 800px\" \/><figcaption class=\"wp-block-jetpack-slideshow_caption gallery-caption\">Oper\u00e1ria da esp\u00e9cie Uru\u00e7\u00fa Amarela (Melipona flavolineata) resguardando o pote de mel, Curu\u00e7\u00e1-PA.\nFoto: Rafael Araujo<\/figcaption><\/figure><\/li><li class=\"wp-block-jetpack-slideshow_slide swiper-slide\"><figure><img loading=\"lazy\" decoding=\"async\" width=\"1920\" height=\"1280\" alt=\"\" class=\"wp-block-jetpack-slideshow_image wp-image-4035\" data-id=\"4035\" src=\"https:\/\/peabiru.org.br\/wp-content\/uploads\/2014\/12\/10-151111-urucu-amarela-r-araujo-alta.jpg\"\/><figcaption class=\"wp-block-jetpack-slideshow_caption gallery-caption\">Detalhe de colmeia de Uru\u00e7\u00fa Amarela (Mel\u00edpona flavolineata), Curu\u00e7\u00e1, PA.. Nov. 2015<\/figcaption><\/figure><\/li><li class=\"wp-block-jetpack-slideshow_slide swiper-slide\"><figure><img loading=\"lazy\" decoding=\"async\" width=\"1624\" height=\"1080\" alt=\"\" class=\"wp-block-jetpack-slideshow_image wp-image-3633\" data-id=\"3633\" src=\"https:\/\/peabiru.org.br\/wp-content\/uploads\/2016\/03\/rio-canaticu-rafael-arac3bajo.jpg\" srcset=\"https:\/\/www.peabiru.org.br\/wp-content\/uploads\/2016\/03\/rio-canaticu-rafael-arac3bajo.jpg 1624w, https:\/\/www.peabiru.org.br\/wp-content\/uploads\/2016\/03\/rio-canaticu-rafael-arac3bajo-300x200.jpg 300w, https:\/\/www.peabiru.org.br\/wp-content\/uploads\/2016\/03\/rio-canaticu-rafael-arac3bajo-1024x681.jpg 1024w, https:\/\/www.peabiru.org.br\/wp-content\/uploads\/2016\/03\/rio-canaticu-rafael-arac3bajo-768x511.jpg 768w, https:\/\/www.peabiru.org.br\/wp-content\/uploads\/2016\/03\/rio-canaticu-rafael-arac3bajo-1536x1021.jpg 1536w\" sizes=\"auto, (max-width: 1624px) 100vw, 1624px\" \/><figcaption class=\"wp-block-jetpack-slideshow_caption gallery-caption\">Casa t\u00edpica no rio Piri\u00e1 no munic\u00edpio de Curralinho no estado do Par\u00e1<\/figcaption><\/figure><\/li><li class=\"wp-block-jetpack-slideshow_slide swiper-slide\"><figure><img loading=\"lazy\" decoding=\"async\" width=\"1024\" height=\"768\" alt=\"\" class=\"wp-block-jetpack-slideshow_image wp-image-3452\" data-id=\"3452\" src=\"https:\/\/peabiru.org.br\/wp-content\/uploads\/2015\/11\/principe_nena_gabi-3.jpg\" srcset=\"https:\/\/www.peabiru.org.br\/wp-content\/uploads\/2015\/11\/principe_nena_gabi-3.jpg 1024w, https:\/\/www.peabiru.org.br\/wp-content\/uploads\/2015\/11\/principe_nena_gabi-3-300x225.jpg 300w, https:\/\/www.peabiru.org.br\/wp-content\/uploads\/2015\/11\/principe_nena_gabi-3-768x576.jpg 768w\" sizes=\"auto, (max-width: 1024px) 100vw, 1024px\" \/><figcaption class=\"wp-block-jetpack-slideshow_caption gallery-caption\">Durante a visita, o Pr\u00edncipe Haakon Magnus caminhou pelo s\u00edtio da Dona Nena. Foto: Ana Gabriela Fontoura<\/figcaption><\/figure><\/li><li class=\"wp-block-jetpack-slideshow_slide swiper-slide\"><figure><img loading=\"lazy\" decoding=\"async\" width=\"1920\" height=\"1080\" alt=\"\" class=\"wp-block-jetpack-slideshow_image wp-image-3304\" data-id=\"3304\" src=\"https:\/\/peabiru.org.br\/wp-content\/uploads\/2015\/07\/retirada-ac3a7ac3ad-alan-kardek-2.jpg\" srcset=\"https:\/\/www.peabiru.org.br\/wp-content\/uploads\/2015\/07\/retirada-ac3a7ac3ad-alan-kardek-2.jpg 1920w, https:\/\/www.peabiru.org.br\/wp-content\/uploads\/2015\/07\/retirada-ac3a7ac3ad-alan-kardek-2-300x169.jpg 300w, https:\/\/www.peabiru.org.br\/wp-content\/uploads\/2015\/07\/retirada-ac3a7ac3ad-alan-kardek-2-1024x576.jpg 1024w, https:\/\/www.peabiru.org.br\/wp-content\/uploads\/2015\/07\/retirada-ac3a7ac3ad-alan-kardek-2-768x432.jpg 768w, https:\/\/www.peabiru.org.br\/wp-content\/uploads\/2015\/07\/retirada-ac3a7ac3ad-alan-kardek-2-1536x864.jpg 1536w, https:\/\/www.peabiru.org.br\/wp-content\/uploads\/2015\/07\/retirada-ac3a7ac3ad-alan-kardek-2-2048x1152.jpg 2048w\" sizes=\"auto, (max-width: 1920px) 100vw, 1920px\" \/><\/figure><\/li><\/ul><a class=\"wp-block-jetpack-slideshow_button-prev swiper-button-prev swiper-button-white\" role=\"button\"><\/a><a class=\"wp-block-jetpack-slideshow_button-next swiper-button-next swiper-button-white\" role=\"button\"><\/a><a aria-label=\"Pause Slideshow\" class=\"wp-block-jetpack-slideshow_button-pause\" role=\"button\"><\/a><div class=\"wp-block-jetpack-slideshow_pagination swiper-pagination swiper-pagination-white\"><\/div><\/div><\/div>","protected":false},"excerpt":{"rendered":"<p>Instituto Peabiru is a Brazilian NGO classified as a Civil Society Organization of Public Interest (Oscip), with 25 years of experience.<\/p>","protected":false},"author":2,"featured_media":0,"parent":0,"menu_order":0,"comment_status":"open","ping_status":"closed","template":"template-fullwidth.php","meta":{"advanced_seo_description":"","jetpack_seo_html_title":"","jetpack_seo_noindex":false,"footnotes":""},"class_list":["post-2703","page","type-page","status-publish","hentry"],"jetpack_sharing_enabled":true,"_links":{"self":[{"href":"https:\/\/www.peabiru.org.br\/en\/wp-json\/wp\/v2\/pages\/2703","targetHints":{"allow":["GET"]}}],"collection":[{"href":"https:\/\/www.peabiru.org.br\/en\/wp-json\/wp\/v2\/pages"}],"about":[{"href":"https:\/\/www.peabiru.org.br\/en\/wp-json\/wp\/v2\/types\/page"}],"author":[{"embeddable":true,"href":"https:\/\/www.peabiru.org.br\/en\/wp-json\/wp\/v2\/users\/2"}],"replies":[{"embeddable":true,"href":"https:\/\/www.peabiru.org.br\/en\/wp-json\/wp\/v2\/comments?post=2703"}],"version-history":[{"count":12,"href":"https:\/\/www.peabiru.org.br\/en\/wp-json\/wp\/v2\/pages\/2703\/revisions"}],"predecessor-version":[{"id":15064,"href":"https:\/\/www.peabiru.org.br\/en\/wp-json\/wp\/v2\/pages\/2703\/revisions\/15064"}],"wp:attachment":[{"href":"https:\/\/www.peabiru.org.br\/en\/wp-json\/wp\/v2\/media?parent=2703"}],"curies":[{"name":"wp","href":"https:\/\/api.w.org\/{rel}","templated":true}]}}