{"id":13432,"date":"2022-11-23T18:28:51","date_gmt":"2022-11-23T21:28:51","guid":{"rendered":"https:\/\/peabiru.org.br\/?page_id=13432"},"modified":"2023-07-05T10:54:02","modified_gmt":"2023-07-05T13:54:02","slug":"perguntas-e-respostas","status":"publish","type":"page","link":"https:\/\/www.peabiru.org.br\/en\/perguntas-e-respostas\/","title":{"rendered":"Perguntas e respostas"},"content":{"rendered":"<figure class=\"wp-block-image size-large\"><img loading=\"lazy\" decoding=\"async\" width=\"1024\" height=\"683\" src=\"https:\/\/peabiru.org.br\/wp-content\/uploads\/2022\/10\/FOTO-9-1024x683.jpg\" alt=\"\" class=\"wp-image-13162\" srcset=\"https:\/\/www.peabiru.org.br\/wp-content\/uploads\/2022\/10\/FOTO-9-1024x683.jpg 1024w, https:\/\/www.peabiru.org.br\/wp-content\/uploads\/2022\/10\/FOTO-9-300x200.jpg 300w, https:\/\/www.peabiru.org.br\/wp-content\/uploads\/2022\/10\/FOTO-9-768x512.jpg 768w, https:\/\/www.peabiru.org.br\/wp-content\/uploads\/2022\/10\/FOTO-9-1536x1024.jpg 1536w, https:\/\/www.peabiru.org.br\/wp-content\/uploads\/2022\/10\/FOTO-9-18x12.jpg 18w, https:\/\/www.peabiru.org.br\/wp-content\/uploads\/2022\/10\/FOTO-9.jpg 1920w\" sizes=\"auto, (max-width: 1024px) 100vw, 1024px\" \/><\/figure>\n\n\n\n<p>Com o objetivo de facilitar o retorno sobre d\u00favidas recebidas em nossos canais, a equipe de comunica\u00e7\u00e3o elaborou uma esta p\u00e1gina de Perguntas e Respostas. <\/p>\n\n\n\n<h2 class=\"wp-block-heading\"><strong>Como fa\u00e7o para ser volunt\u00e1rio no Instituto Peabiru?<\/strong><\/h2>\n\n\n\n<p>Nossos processos seletivos regulares s\u00e3o para vagas remuneradas, como contratos de est\u00e1gio ou trabalho. No caso da atua\u00e7\u00e3o de pessoas volunt\u00e1rias, abrimos sele\u00e7\u00e3o para programas de voluntariado espec\u00edficos, como o do projeto Mangues da Amaz\u00f4nia. Acompanhe em nossos canais a divulga\u00e7\u00e3o de oportunidades de voluntariado, est\u00e1gio e vagas de trabalho.<br><a href=\"https:\/\/www.peabiru.org.br\/en\/trabalheconosco\/\">https:\/\/peabiru.org.br\/trabalheconosco\/<\/a><\/p>\n\n\n\n<hr class=\"wp-block-separator has-alpha-channel-opacity\"\/>\n\n\n\n<h2 class=\"wp-block-heading\"><strong>Gostaria de enviar meu curr\u00edculo para trabalhar no Instituto Peabiru. Como posso me candidatar?<\/strong><\/h2>\n\n\n\n<p>Agradecemos seu interesse em fazer parte do Instituto Peabiru! Acesse a <strong>p\u00e1gina de oportunidades<\/strong> em nosso site <a href=\"https:\/\/www.peabiru.org.br\/en\/trabalheconosco\/\">https:\/\/peabiru.org.br\/trabalheconosco\/<\/a>&nbsp; e fique por dentro das nossas vagas e demandas de contrata\u00e7\u00e3o e como se candidatar.<\/p>\n\n\n\n<div style=\"height:60px\" aria-hidden=\"true\" class=\"wp-block-spacer\"><\/div>\n\n\n\n<div class=\"wp-block-buttons is-content-justification-center is-layout-flex wp-container-core-buttons-is-layout-16018d1d wp-block-buttons-is-layout-flex\">\n<div class=\"wp-block-button is-style-outline is-style-outline--1\"><a class=\"wp-block-button__link wp-element-button\" href=\"https:\/\/www.peabiru.org.br\/en\/trabalheconosco\/\u00a0\/\" style=\"border-radius:0px\">Quero acessar a p\u00e1gina de oportunidades!<\/a><\/div>\n<\/div>\n\n\n\n<div style=\"height:60px\" aria-hidden=\"true\" class=\"wp-block-spacer\"><\/div>\n\n\n\n<hr class=\"wp-block-separator has-alpha-channel-opacity\"\/>\n\n\n\n<h2 class=\"wp-block-heading\"><strong>Como posso doar para os projetos do Instituto Peabiru?<\/strong><\/h2>\n\n\n\n<p><strong><br><\/strong>Voc\u00ea pode fazer doa\u00e7\u00f5es atrav\u00e9s do PayPal [<a href=\"http:\/\/bit.ly\/paypalpeabiru\">bit.ly\/paypalpeabiru<\/a>] ou de transfer\u00eancia banc\u00e1ria com os dados abaixo: <br><br><strong>Instituto Peabiru CNPJ: 02.650.035\/0001-00<br>Banco Ita\u00fa<br>Ag\u00eancia: 8347<br>Conta corrente: 08406-6<\/strong><\/p>\n\n\n\n<p>Sua doa\u00e7\u00e3o apoia diretamente nosso programa de Abelhas sem ferr\u00e3o e a\u00e7\u00f5es de gest\u00e3o relacionadas aos projetos. Acesse <a href=\"https:\/\/www.peabiru.org.br\/en\/doe\/\">http:\/\/peabiru.org.br\/doe<\/a>&nbsp; e saiba mais sobre como apoiar o Instituto Peabiru. <\/p>\n\n\n\n<hr class=\"wp-block-separator has-alpha-channel-opacity\"\/>\n\n\n\n<h2 class=\"wp-block-heading\"><strong>Gostaria de informa\u00e7\u00f5es para iniciar a cria\u00e7\u00e3o de abelhas sem ferr\u00e3o na minha comunidade.<\/strong><\/h2>\n\n\n\n<p>O Instituto Peabiru trabalha desde 2009 com a cria\u00e7\u00e3o de abelhas sem ferr\u00e3o na Amaz\u00f4nia. Para melhor atender demandas como esta, produzimos no Instituto Peabiru materiais p\u00fablicos sobre a experi\u00eancia com a meliponicultura. Recomendamos a leitura de materiais sobre o tema que est\u00e3o dispon\u00edveis gratuitamente em nosso site. Separamos aqui alguns materiais publicados que podem lhe auxiliar:<\/p>\n\n\n\n<p><strong>Publica\u00e7\u00f5es do Instituto Peabiru<\/strong><\/p>\n\n\n\n<p><a href=\"https:\/\/institutopeabiru.files.wordpress.com\/2020\/04\/instituto-peabiru-2020-dossic3aa-cadeia-abelhas-amazc3b4nia-1.pdf\">Dossi\u00ea Cadeia de Valor das Abelhas sem Ferr\u00e3o da Amaz\u00f4nia (2020)<\/a><\/p>\n\n\n\n<p><a href=\"https:\/\/institutopeabiru.files.wordpress.com\/2012\/09\/projeto-casa-da-virada-manual-do-mel-nativo.pdf\">Abelhas Nativas da Amaz\u00f4nia e Popula\u00e7\u00f5es Tradicionais (2013)<\/a><\/p>\n\n\n\n<p><strong>Outras publica\u00e7\u00f5es \u00fateis<\/strong><\/p>\n\n\n\n<p><a href=\"https:\/\/ispn.org.br\/site\/wp-content\/uploads\/2018\/10\/ManualTecnologicoMel.pdf\">Manual de aproveitamento integral dos produtos das abelhas nativas sem ferr\u00e3o (2018)<\/a><\/p>\n\n\n\n<p><a href=\"https:\/\/www.embrapa.br\/busca-de-publicacoes\/-\/publicacao\/1079116\/criacao-de-abelhas-sem-ferrao\">Cria\u00e7\u00e3o de abelhas-sem-ferr\u00e3o (2017)<\/a><\/p>\n\n\n\n<p><a href=\"https:\/\/www.embrapa.br\/busca-de-publicacoes\/-\/publicacao\/410121\/criacao-de-abelhas-indigenas-sem-ferrao\">Cria\u00e7\u00e3o de abelhas ind\u00edgenas sem ferr\u00e3o (2008)<\/a><\/p>\n\n\n\n<hr class=\"wp-block-separator has-alpha-channel-opacity\"\/>\n\n\n\n<h2 class=\"wp-block-heading\"><strong>Onde posso comprar abelhas para criar?<\/strong><\/h2>\n\n\n\n<p>A cria\u00e7\u00e3o e comercializa\u00e7\u00e3o de abelhas sem ferr\u00e3o, em \u00e1reas rurais ou urbanas, n\u00e3o \u00e9 proibida, mas \u00e9 necess\u00e1rio que se tenha os devidos registros nos \u00f3rg\u00e3os ambientais e que sejam tomados cuidados para evitar preju\u00edzos \u00e0 fauna e \u00e0 flora local. Entrando em contato com a Embrapa voc\u00ea pode obter mais informa\u00e7\u00f5es sobre a venda e os registros necess\u00e1rios para cria\u00e7\u00e3o. Visite o site para mais informa\u00e7\u00f5es: <a href=\"https:\/\/www.embrapa.br\/\">https:\/\/www.embrapa.br\/<\/a><\/p>\n\n\n\n<hr class=\"wp-block-separator has-alpha-channel-opacity\"\/>\n\n\n\n<h2 class=\"wp-block-heading\"><strong>Gostaria de instalar colmeias de abelhas sem ferr\u00e3o na minha \u00e1rea\/comunidade. O Instituto Peabiru pode me ajudar?<\/strong><\/h2>\n\n\n\n<p>O Instituto Peabiru n\u00e3o fornece abelhas de forma pontual e fora do contexto de projetos de desenvolvimento com foco no m\u00e9dio\/longo prazo. Soma-se isso a necessidade de financiadores institucionais para realizar tais projetos. Nossas a\u00e7\u00f5es com abelhas s\u00e3o realizadas a partir de projetos em nossas regi\u00f5es priorit\u00e1rias de atua\u00e7\u00e3o e em projetos que envolvem grupos sociais de base familiar, especialmente representados por associa\u00e7\u00f5es\/cooperativas ligadas a povos e comunidades tradicionais. Se esse for seu caso, escreva uma descri\u00e7\u00e3o de seu projeto\/territ\u00f3rio e dos grupos sociais envolvidos para que nossa equipe possa avaliar a ader\u00eancia com nossa atua\u00e7\u00e3o estrat\u00e9gica.<\/p>\n\n\n\n<hr class=\"wp-block-separator has-alpha-channel-opacity\"\/>\n\n\n\n<h2 class=\"wp-block-heading\"><strong>Minha turma da escola\/faculdade pode visitar a sede do Instituto Peabiru? <br><\/strong><\/h2>\n\n\n\n<p>Ficamos felizes em abrir as portas para apresentar o trabalho que realizamos na Amaz\u00f4nia a estudantes, profissionais e demais interessados da sociedade. Para agendar sua visita, informe sua organiza\u00e7\u00e3o, n\u00famero de visitantes e objetivos do grupo para que possamos avaliar e planejar a melhor recep\u00e7\u00e3o em nossos espa\u00e7os.&nbsp;<\/p>\n\n\n\n<hr class=\"wp-block-separator has-alpha-channel-opacity\"\/>\n\n\n\n<h2 class=\"wp-block-heading\"><strong>Como fa\u00e7o para visitar as comunidades onde os projetos s\u00e3o realizados?<\/strong><\/h2>\n\n\n\n<p>Cada comunidade e projeto em que atuamos tem suas regras pr\u00f3prias para visita\u00e7\u00e3o. Alguns grupos desenvolvem atividades que s\u00e3o abertas aos p\u00fablicos interessados. Para agendar sua visita, nos mande uma mensagem informando o projeto que deseja visitar, sua organiza\u00e7\u00e3o, n\u00famero de visitantes e objetivos do grupo para que possamos avaliar e planejar a melhor recep\u00e7\u00e3o, respeitando todos os envolvidos.<\/p>\n\n\n\n<p>Para conhecer nossos projetos acesse: <a href=\"https:\/\/www.peabiru.org.br\/en\/projetos\/\">peabiru.org.br\/projetos<\/a><\/p>\n\n\n\n<hr class=\"wp-block-separator has-alpha-channel-opacity\"\/>\n\n\n\n<h2 class=\"wp-block-heading\"><strong>Como fa\u00e7o para participar ou para incluir a comunidade em que moro&nbsp; em projetos do Instituto Peabiru?<\/strong><\/h2>\n\n\n\n<p><\/p>\n\n\n\n<p>Para participar dos projetos realizados ou executados pelo Instituto Peabiru \u00e9 preciso atender aos crit\u00e9rios estipulados por cada iniciativa. Em geral, s\u00e3o divulgados editais, realizadas reuni\u00f5es para apresenta\u00e7\u00e3o do projeto, al\u00e9m de outras estrat\u00e9gias de constru\u00e7\u00e3o e, posteriormente, divulga\u00e7\u00e3o das oportunidades a pessoas, grupos ou comunidades interessadas.<\/p>\n\n\n\n<hr class=\"wp-block-separator has-alpha-channel-opacity\"\/>","protected":false},"excerpt":{"rendered":"<p>Com o objetivo de facilitar o retorno sobre d\u00favidas recebidas em nossos canais, a equipe de comunica\u00e7\u00e3o elaborou uma esta p\u00e1gina de Perguntas e Respostas. Como fa\u00e7o para ser volunt\u00e1rio no Instituto Peabiru? Nossos processos seletivos regulares s\u00e3o para vagas remuneradas, como contratos de est\u00e1gio ou trabalho. No caso da atua\u00e7\u00e3o de pessoas volunt\u00e1rias, abrimos [&hellip;]<\/p>","protected":false},"author":2,"featured_media":0,"parent":0,"menu_order":0,"comment_status":"closed","ping_status":"closed","template":"","meta":{"advanced_seo_description":"","jetpack_seo_html_title":"","jetpack_seo_noindex":false,"footnotes":""},"class_list":["post-13432","page","type-page","status-publish","hentry"],"jetpack_sharing_enabled":true,"_links":{"self":[{"href":"https:\/\/www.peabiru.org.br\/en\/wp-json\/wp\/v2\/pages\/13432","targetHints":{"allow":["GET"]}}],"collection":[{"href":"https:\/\/www.peabiru.org.br\/en\/wp-json\/wp\/v2\/pages"}],"about":[{"href":"https:\/\/www.peabiru.org.br\/en\/wp-json\/wp\/v2\/types\/page"}],"author":[{"embeddable":true,"href":"https:\/\/www.peabiru.org.br\/en\/wp-json\/wp\/v2\/users\/2"}],"replies":[{"embeddable":true,"href":"https:\/\/www.peabiru.org.br\/en\/wp-json\/wp\/v2\/comments?post=13432"}],"version-history":[{"count":7,"href":"https:\/\/www.peabiru.org.br\/en\/wp-json\/wp\/v2\/pages\/13432\/revisions"}],"predecessor-version":[{"id":14202,"href":"https:\/\/www.peabiru.org.br\/en\/wp-json\/wp\/v2\/pages\/13432\/revisions\/14202"}],"wp:attachment":[{"href":"https:\/\/www.peabiru.org.br\/en\/wp-json\/wp\/v2\/media?parent=13432"}],"curies":[{"name":"wp","href":"https:\/\/api.w.org\/{rel}","templated":true}]}}