{"id":11828,"date":"2024-07-18T14:00:51","date_gmt":"2024-07-18T17:00:51","guid":{"rendered":"https:\/\/peabiru.org.br\/?page_id=11828"},"modified":"2024-07-18T14:00:51","modified_gmt":"2024-07-18T17:00:51","slug":"cursos","status":"publish","type":"page","link":"https:\/\/www.peabiru.org.br\/en\/cursos\/","title":{"rendered":"Courses"},"content":{"rendered":"<div class=\"tutor-courses tutor-courses-loop-wrap tutor-courses-layout-4\">\n<div class=\"tutor-course-col-4\">\n<div class=\"tutor-course tutor-course-loop tutor-course-loop-12556\">\n\n<div class=\"tutor-course-header\">\n\t\n<a href=\"https:\/\/www.peabiru.org.br\/en\/courses\/biopoder-campones\/\"> <img loading=\"lazy\" decoding=\"async\" width=\"1920\" height=\"1081\" src=\"https:\/\/www.peabiru.org.br\/wp-content\/uploads\/2022\/06\/biopoder.jpg\" class=\"attachment-post-thumbnail size-post-thumbnail\" alt=\"\" \/> <\/a>\n\t<div class=\"tutor-course-loop-header-meta\">\n\t\t<span class=\"tutor-course-loop-level\">Beginner<\/span><span class=\"tutor-course-wishlist\"><a href=\"\/en\/;\/\" class=\"tutor-icon-fav-line cart-required-login\" data-course-id=\"12556\"><\/a> <\/span>\t<\/div>\n<\/div>\n\n<div class=\"tutor-loop-course-container\">\n\n\n<div class=\"tutor-loop-rating-wrap\">\n\t<div class=\"tutor-star-rating-group\"><i class=\"tutor-icon-star-full\" data-rating-value=\"1\"><\/i><i class=\"tutor-icon-star-full\" data-rating-value=\"2\"><\/i><i class=\"tutor-icon-star-full\" data-rating-value=\"3\"><\/i><i class=\"tutor-icon-star-full\" data-rating-value=\"4\"><\/i><i class=\"tutor-icon-star-full\" data-rating-value=\"5\"><\/i><div class=\"tutor-rating-gen-input\"><input type=\"hidden\" name=\"tutor_rating_gen_input\" value=\"5.00\" \/><\/div><\/div>\t<span class=\"tutor-rating-count\">\n\t\t5.00<i>(5)<\/i>\t<\/span>\n<\/div>\n\n\n<div class=\"tutor-course-loop-title\">\n    <h2><a href=\"https:\/\/www.peabiru.org.br\/en\/courses\/biopoder-campones\/\">Biopoder Campon\u00eas<\/a><\/h2>\n<\/div>\n\n\n\n\n<div class=\"tutor-course-loop-meta\">\n\t\t\t<div class=\"tutor-single-loop-meta\">\n\t\t<i class=\"tutor-icon-user\"><\/i><span>106<\/span>\n\t<\/div>\n\t\t<\/div>\n\n\n<div class=\"tutor-loop-author\">\n\t<div class=\"tutor-single-course-avatar\">\n\t\t<a href=\"https:\/\/www.peabiru.org.br\/en\/profile\/institutopeabiru\"> <span class=\"tutor-text-avatar\" style=\"background-color: #a12a30;color: #fff8e5\">IP<\/span><\/a>\n\t<\/div>\n\t<div class=\"tutor-single-course-author-name\">\n\t\t<span>by<\/span>\n\t\t<a href=\"https:\/\/www.peabiru.org.br\/en\/profile\/institutopeabiru\">Peabiru Institute<\/a>\n\t<\/div>\n\n\t<div class=\"tutor-course-lising-category\">\n\t\t\t<\/div>\n<\/div>\n\n<\/div>\n<div class=\"tutor-loop-course-footer\">\n    \n<div class=\"tutor-course-loop-price\">\n\t<div class=\"price\"> Free<div class=\"tutor-public-course-start-learning\"><a href=\"https:\/\/www.peabiru.org.br\/en\/courses\/biopoder-campones\/\">Get Enrolled<\/a><\/div><\/div><\/div>\n<\/div>\n<\/div>\n<\/div>\n<div class=\"tutor-course-col-4\">\n<div class=\"tutor-course tutor-course-loop tutor-course-loop-11850\">\n\n<div class=\"tutor-course-header\">\n\t\n<a href=\"https:\/\/www.peabiru.org.br\/en\/courses\/amazon-introduction\/\"> <img loading=\"lazy\" decoding=\"async\" width=\"1612\" height=\"1080\" src=\"https:\/\/www.peabiru.org.br\/wp-content\/uploads\/2022\/03\/course-e1648071332232.png\" class=\"attachment-post-thumbnail size-post-thumbnail\" alt=\"\" \/> <\/a>\n\t<div class=\"tutor-course-loop-header-meta\">\n\t\t<span class=\"tutor-course-loop-level\">Beginner<\/span><span class=\"tutor-course-wishlist\"><a href=\"\/en\/;\/\" class=\"tutor-icon-fav-line cart-required-login\" data-course-id=\"11850\"><\/a> <\/span>\t<\/div>\n<\/div>\n\n<div class=\"tutor-loop-course-container\">\n\n\n<div class=\"tutor-loop-rating-wrap\">\n\t<div class=\"tutor-star-rating-group\"><i class=\"tutor-icon-star-full\" data-rating-value=\"1\"><\/i><i class=\"tutor-icon-star-full\" data-rating-value=\"2\"><\/i><i class=\"tutor-icon-star-full\" data-rating-value=\"3\"><\/i><i class=\"tutor-icon-star-full\" data-rating-value=\"4\"><\/i><i class=\"tutor-icon-star-full\" data-rating-value=\"5\"><\/i><div class=\"tutor-rating-gen-input\"><input type=\"hidden\" name=\"tutor_rating_gen_input\" value=\"5.00\" \/><\/div><\/div>\t<span class=\"tutor-rating-count\">\n\t\t5.00<i>(1)<\/i>\t<\/span>\n<\/div>\n\n\n<div class=\"tutor-course-loop-title\">\n    <h2><a href=\"https:\/\/www.peabiru.org.br\/en\/courses\/amazon-introduction\/\">Amazon: an introduction<\/a><\/h2>\n<\/div>\n\n\n\n\n<div class=\"tutor-course-loop-meta\">\n\t\t\t<div class=\"tutor-single-loop-meta\">\n\t\t<i class=\"tutor-icon-user\"><\/i><span>25<\/span>\n\t<\/div>\n\t\t\t\t<div class=\"tutor-single-loop-meta\">\n\t\t\t<i class=\"tutor-icon-clock\"><\/i> <span>31h 10m 36s <\/span>\n\t\t<\/div>\n\t<\/div>\n\n\n<div class=\"tutor-loop-author\">\n\t<div class=\"tutor-single-course-avatar\">\n\t\t<a href=\"https:\/\/www.peabiru.org.br\/en\/profile\/institutopeabiru\"> <span class=\"tutor-text-avatar\" style=\"background-color: #a12a30;color: #fff8e5\">IP<\/span><\/a>\n\t<\/div>\n\t<div class=\"tutor-single-course-author-name\">\n\t\t<span>by<\/span>\n\t\t<a href=\"https:\/\/www.peabiru.org.br\/en\/profile\/institutopeabiru\">Peabiru Institute<\/a>\n\t<\/div>\n\n\t<div class=\"tutor-course-lising-category\">\n\t\t\t<\/div>\n<\/div>\n\n<\/div>\n<div class=\"tutor-loop-course-footer\">\n    \n<div class=\"tutor-course-loop-price\">\n\t<div class=\"price\"> Free<div class=\"tutor-public-course-start-learning\"><a href=\"https:\/\/www.peabiru.org.br\/en\/courses\/amazon-introduction\/\">Get Enrolled<\/a><\/div><\/div><\/div>\n<\/div>\n<\/div>\n<\/div>\n<div class=\"tutor-course-col-4\">\n<div class=\"tutor-course tutor-course-loop tutor-course-loop-11841\">\n\n<div class=\"tutor-course-header\">\n\t\n<a href=\"https:\/\/www.peabiru.org.br\/en\/courses\/curso-introducao-a-amazonia\/\"> <img loading=\"lazy\" decoding=\"async\" width=\"2000\" height=\"1125\" src=\"https:\/\/www.peabiru.org.br\/wp-content\/uploads\/2022\/03\/Capa-Introducao-a-Amazonia_escuro3.png\" class=\"attachment-post-thumbnail size-post-thumbnail\" alt=\"\" \/> <\/a>\n\t<div class=\"tutor-course-loop-header-meta\">\n\t\t<span class=\"tutor-course-loop-level\">Beginner<\/span><span class=\"tutor-course-wishlist\"><a href=\"\/en\/;\/\" class=\"tutor-icon-fav-line cart-required-login\" data-course-id=\"11841\"><\/a> <\/span>\t<\/div>\n<\/div>\n\n<div class=\"tutor-loop-course-container\">\n\n\n<div class=\"tutor-loop-rating-wrap\">\n\t<div class=\"tutor-star-rating-group\"><i class=\"tutor-icon-star-full\" data-rating-value=\"1\"><\/i><i class=\"tutor-icon-star-full\" data-rating-value=\"2\"><\/i><i class=\"tutor-icon-star-full\" data-rating-value=\"3\"><\/i><i class=\"tutor-icon-star-full\" data-rating-value=\"4\"><\/i><i class=\"tutor-icon-star-full\" data-rating-value=\"5\"><\/i><div class=\"tutor-rating-gen-input\"><input type=\"hidden\" name=\"tutor_rating_gen_input\" value=\"5.00\" \/><\/div><\/div>\t<span class=\"tutor-rating-count\">\n\t\t5.00<i>(2)<\/i>\t<\/span>\n<\/div>\n\n\n<div class=\"tutor-course-loop-title\">\n    <h2><a href=\"https:\/\/www.peabiru.org.br\/en\/courses\/curso-introducao-a-amazonia\/\">Introdu\u00e7\u00e3o \u00e0 Amaz\u00f4nia<\/a><\/h2>\n<\/div>\n\n\n\n\n<div class=\"tutor-course-loop-meta\">\n\t\t\t<div class=\"tutor-single-loop-meta\">\n\t\t<i class=\"tutor-icon-user\"><\/i><span>196<\/span>\n\t<\/div>\n\t\t\t\t<div class=\"tutor-single-loop-meta\">\n\t\t\t<i class=\"tutor-icon-clock\"><\/i> <span>31h 10m 36s <\/span>\n\t\t<\/div>\n\t<\/div>\n\n\n<div class=\"tutor-loop-author\">\n\t<div class=\"tutor-single-course-avatar\">\n\t\t<a href=\"https:\/\/www.peabiru.org.br\/en\/profile\/institutopeabiru\"> <span class=\"tutor-text-avatar\" style=\"background-color: #a12a30;color: #fff8e5\">IP<\/span><\/a>\n\t<\/div>\n\t<div class=\"tutor-single-course-author-name\">\n\t\t<span>by<\/span>\n\t\t<a href=\"https:\/\/www.peabiru.org.br\/en\/profile\/institutopeabiru\">Peabiru Institute<\/a>\n\t<\/div>\n\n\t<div class=\"tutor-course-lising-category\">\n\t\t\t<\/div>\n<\/div>\n\n<\/div>\n<div class=\"tutor-loop-course-footer\">\n    \n<div class=\"tutor-course-loop-price\">\n\t<div class=\"price\"> Free<div class=\"tutor-public-course-start-learning\"><a href=\"https:\/\/www.peabiru.org.br\/en\/courses\/curso-introducao-a-amazonia\/\">Get Enrolled<\/a><\/div><\/div><\/div>\n<\/div>\n<\/div>\n<\/div>\n<\/div>","protected":false},"excerpt":{"rendered":"<p>Cursos do Instituto Peabiru<\/p>","protected":false},"author":1,"featured_media":11782,"parent":0,"menu_order":0,"comment_status":"closed","ping_status":"closed","template":"page-templates\/cursos.php","meta":{"advanced_seo_description":"","jetpack_seo_html_title":"","jetpack_seo_noindex":false,"footnotes":""},"class_list":["post-11828","page","type-page","status-publish","has-post-thumbnail","hentry"],"jetpack_sharing_enabled":true,"_links":{"self":[{"href":"https:\/\/www.peabiru.org.br\/en\/wp-json\/wp\/v2\/pages\/11828","targetHints":{"allow":["GET"]}}],"collection":[{"href":"https:\/\/www.peabiru.org.br\/en\/wp-json\/wp\/v2\/pages"}],"about":[{"href":"https:\/\/www.peabiru.org.br\/en\/wp-json\/wp\/v2\/types\/page"}],"author":[{"embeddable":true,"href":"https:\/\/www.peabiru.org.br\/en\/wp-json\/wp\/v2\/users\/1"}],"replies":[{"embeddable":true,"href":"https:\/\/www.peabiru.org.br\/en\/wp-json\/wp\/v2\/comments?post=11828"}],"version-history":[{"count":2,"href":"https:\/\/www.peabiru.org.br\/en\/wp-json\/wp\/v2\/pages\/11828\/revisions"}],"predecessor-version":[{"id":14654,"href":"https:\/\/www.peabiru.org.br\/en\/wp-json\/wp\/v2\/pages\/11828\/revisions\/14654"}],"wp:featuredmedia":[{"embeddable":true,"href":"https:\/\/www.peabiru.org.br\/en\/wp-json\/wp\/v2\/media\/11782"}],"wp:attachment":[{"href":"https:\/\/www.peabiru.org.br\/en\/wp-json\/wp\/v2\/media?parent=11828"}],"curies":[{"name":"wp","href":"https:\/\/api.w.org\/{rel}","templated":true}]}}