{"id":11124,"date":"2024-06-26T16:36:30","date_gmt":"2024-06-26T19:36:30","guid":{"rendered":"https:\/\/peabiru.org.br\/?page_id=11124"},"modified":"2024-07-15T14:23:50","modified_gmt":"2024-07-15T17:23:50","slug":"doe-2","status":"publish","type":"page","link":"https:\/\/www.peabiru.org.br\/en\/doe-2\/","title":{"rendered":"Donate"},"content":{"rendered":"<figure class=\"wp-block-gallery has-nested-images columns-default is-cropped wp-block-gallery-1 is-layout-flex wp-block-gallery-is-layout-flex\">\n<figure class=\"wp-block-image size-large\"><img loading=\"lazy\" decoding=\"async\" width=\"768\" height=\"512\" data-id=\"5531\" src=\"https:\/\/peabiru.org.br\/wp-content\/uploads\/2017\/10\/rafael_araujo_manejo-de-meliponc3a1rio-da-abelhas-nativa-da-amazc3b4nia-a-uruc3a7c3ba-amarela-melipona-flavolineata-curuc3a7c3a1-pa.jpg\" alt=\"\" class=\"wp-image-5531\" srcset=\"https:\/\/www.peabiru.org.br\/wp-content\/uploads\/2017\/10\/rafael_araujo_manejo-de-meliponc3a1rio-da-abelhas-nativa-da-amazc3b4nia-a-uruc3a7c3ba-amarela-melipona-flavolineata-curuc3a7c3a1-pa.jpg 768w, https:\/\/www.peabiru.org.br\/wp-content\/uploads\/2017\/10\/rafael_araujo_manejo-de-meliponc3a1rio-da-abelhas-nativa-da-amazc3b4nia-a-uruc3a7c3ba-amarela-melipona-flavolineata-curuc3a7c3a1-pa-300x200.jpg 300w\" sizes=\"auto, (max-width: 768px) 100vw, 768px\" \/><\/figure>\n<\/figure>\n\n\n\n<p class=\"has-text-align-center has-small-font-size\"><em>T\u00e9cnico no melipon\u00e1rio de abelhas silvestres Uru\u00e7\u00fa Amarela (Melipona flavolineata), Curu\u00e7\u00e1, PA. <\/em><br><em>Foto: Rafael Ara\u00fajo<\/em><\/p>\n\n\n\n<hr class=\"wp-block-separator has-alpha-channel-opacity\"\/>\n\n\n\n<p>Nesta p\u00e1gina voc\u00ea conhece as formas de apoiar o trabalho do Instituto Peabiru na Amaz\u00f4nia. Atrav\u00e9s da sua doa\u00e7\u00e3o voc\u00ea contribui para a realiza\u00e7\u00e3o de projetos de valoriza\u00e7\u00e3o das cadeias de valor amaz\u00f4nicas junto a comunidades tradicionais, iniciativas de prote\u00e7\u00e3o social e conserva\u00e7\u00e3o da biodiversidade. <\/p>\n\n\n\n<h2 class=\"wp-block-heading\">Como minha doa\u00e7\u00e3o ajuda?<\/h2>\n\n\n\n<p>Sua doa\u00e7\u00e3o apoia diretamente nosso programa de Abelhas da Amaz\u00f4nia e a\u00e7\u00f5es de gest\u00e3o relacionadas aos projetos. <\/p>\n\n\n\n<h2 class=\"wp-block-heading\">Como doar?<\/h2>\n\n\n\n<p>\u00c9 poss\u00edvel apoiar com doa\u00e7\u00f5es via Paypal ou transfer\u00eancia banc\u00e1ria.<\/p>\n\n\n\n<p><strong>Doe atrav\u00e9s do Paypal<\/strong><br>Voc\u00ea pode optar por fazer uma doa\u00e7\u00e3o \u00fanica ou mensal. \u00c9 poss\u00edvel doar atrav\u00e9s do cart\u00e3o de cr\u00e9dito ou de conta Paypal. Clique no link abaixo para escolher como fazer sua contribui\u00e7\u00e3o.<\/p>\n\n\n\n<div class=\"wp-block-buttons is-content-justification-center is-layout-flex wp-container-core-buttons-is-layout-16018d1d wp-block-buttons-is-layout-flex\">\n<div class=\"wp-block-button is-style-outline is-style-outline--2\"><a class=\"wp-block-button__link wp-element-button\" href=\"https:\/\/www.paypal.com\/donate\/?hosted_button_id=BX26EEG3NUKPW\" style=\"border-radius:0px\">Quero doar pelo Paypal!<\/a><\/div>\n<\/div>\n\n\n\n<hr class=\"wp-block-separator has-text-color has-white-color has-alpha-channel-opacity has-white-background-color has-background\"\/>\n\n\n\n<p><strong>Doe atrav\u00e9s de transfer\u00eancia banc\u00e1ria<\/strong><\/p>\n\n\n\n<p>Se preferir voc\u00ea pode sua doa\u00e7\u00e3o atrav\u00e9s de dep\u00f3sito ou transfer\u00eancia banc\u00e1ria. Abaixo os dados da conta jur\u00eddica do Instituto Peabiru. Todas as doa\u00e7\u00f5es s\u00e3o registradas para presta\u00e7\u00e3o de contas e comprova\u00e7\u00e3o de recebimento.<\/p>\n\n\n\n<p>Peabiru Institute<br>CNPJ: 02.650.035\/0001-00<br>Banco Ita\u00fa<br>Ag\u00eancia: 8347<br>Conta corrente: 08406-6<\/p>","protected":false},"excerpt":{"rendered":"<p>Seja um parceiro das iniciativas do Instituto Peabiru.<\/p>","protected":false},"author":1,"featured_media":0,"parent":0,"menu_order":0,"comment_status":"closed","ping_status":"closed","template":"","meta":{"advanced_seo_description":"Nesta p\u00e1gina voc\u00ea conhece as formas de apoiar o trabalho do Instituto Peabiru na Amaz\u00f4nia. ","jetpack_seo_html_title":"Doe","jetpack_seo_noindex":false,"footnotes":""},"class_list":["post-11124","page","type-page","status-publish","hentry"],"jetpack_sharing_enabled":true,"_links":{"self":[{"href":"https:\/\/www.peabiru.org.br\/en\/wp-json\/wp\/v2\/pages\/11124","targetHints":{"allow":["GET"]}}],"collection":[{"href":"https:\/\/www.peabiru.org.br\/en\/wp-json\/wp\/v2\/pages"}],"about":[{"href":"https:\/\/www.peabiru.org.br\/en\/wp-json\/wp\/v2\/types\/page"}],"author":[{"embeddable":true,"href":"https:\/\/www.peabiru.org.br\/en\/wp-json\/wp\/v2\/users\/1"}],"replies":[{"embeddable":true,"href":"https:\/\/www.peabiru.org.br\/en\/wp-json\/wp\/v2\/comments?post=11124"}],"version-history":[{"count":5,"href":"https:\/\/www.peabiru.org.br\/en\/wp-json\/wp\/v2\/pages\/11124\/revisions"}],"predecessor-version":[{"id":14628,"href":"https:\/\/www.peabiru.org.br\/en\/wp-json\/wp\/v2\/pages\/11124\/revisions\/14628"}],"wp:attachment":[{"href":"https:\/\/www.peabiru.org.br\/en\/wp-json\/wp\/v2\/media?parent=11124"}],"curies":[{"name":"wp","href":"https:\/\/api.w.org\/{rel}","templated":true}]}}