{"id":11109,"date":"2024-07-18T13:56:38","date_gmt":"2024-07-18T16:56:38","guid":{"rendered":"https:\/\/peabiru.org.br\/?page_id=11109"},"modified":"2026-02-05T16:12:52","modified_gmt":"2026-02-05T19:12:52","slug":"areas-de-atuacao","status":"publish","type":"page","link":"https:\/\/www.peabiru.org.br\/en\/areas-de-atuacao\/","title":{"rendered":"Areas of Expertise"},"content":{"rendered":"<div class=\"wp-block-jetpack-layout-grid alignfull column1-desktop-grid__span-4 column1-desktop-grid__row-1 column2-desktop-grid__span-8 column2-desktop-grid__start-5 column2-desktop-grid__row-1 column1-tablet-grid__span-4 column1-tablet-grid__row-1 column2-tablet-grid__span-4 column2-tablet-grid__start-5 column2-tablet-grid__row-1 column1-mobile-grid__span-4 column1-mobile-grid__row-1 column2-mobile-grid__span-4 column2-mobile-grid__row-2 wp-block-jetpack-layout-gutter__nowrap wp-block-jetpack-layout-gutter__medium\">\n<div class=\"wp-block-jetpack-layout-grid-column wp-block-jetpack-layout-grid__padding-none\">\n<h2 class=\"wp-block-heading has-text-color\" id=\"indice\" style=\"color:#1d874a\">\u00cdndice<\/h2>\n\n\n\n<ol class=\"wp-block-list\">\n<li><strong><a href=\"https:\/\/www.peabiru.org.br\/en\/area-de-atuacao\/cadeias-de-valor-amazonicas\/\">Pesquisa e Diagn\u00f3stico<\/a><\/strong><\/li>\n\n\n\n<li><strong><a href=\"https:\/\/www.peabiru.org.br\/en\/area-de-atuacao\/protecao-social\/\">Articula\u00e7\u00e3o Social<\/a><\/strong><\/li>\n\n\n\n<li><strong><a href=\"https:\/\/www.peabiru.org.br\/en\/area-de-atuacao\/acao-socioambiental-corporativa\/\">Educa\u00e7\u00e3o e Sustentabilidade<\/a><\/strong><\/li>\n\n\n\n<li><a href=\"https:\/\/www.peabiru.org.br\/en\/area-de-atuacao\/conservacao-da-biodiversidade\/\"><strong>Sistemas Produtivos Localizados<\/strong><\/a><\/li>\n<\/ol>\n<\/div>\n\n\n\n<div class=\"wp-block-jetpack-layout-grid-column wp-block-jetpack-layout-grid__padding-none\">\n<style>\n\t#hotspot-15319 .hotspots-image-container,\n\t#hotspot-15319 .leaflet-container {\n\t\tbackground: #ffffff\t}\n\n\t#hotspot-15319 .hotspots-placeholder {\n\t\tbackground: #ffffff;\n\t\tborder: 0 #ffffff solid;\n\t\tcolor: #000000;\n\t}\n\n\t#hotspot-15319 .hotspot-title {\n\t\tcolor: #000000;\n\t}\n\n\t\t\t#hotspot-15319 .hotspot-default {\n\t\t\tstroke-width: 1;\n\t\t\tfill: #ffffff;\n\t\t\tfill-opacity: 0;\n\t\t\tstroke: #ffffff;\n\t\t\tstroke-opacity: 0;\n\t\t}\n\t\t#hotspot-15319 .hotspot-default:hover,\n\t\t#hotspot-15319 .hotspot-default:focus-visible,\n\t\t#hotspot-15319 .hotspot-default.hotspot-active {\n\t\t\tfill: #3CA2A2;\n\t\t\tfill-opacity: 0.71;\n\t\t\tstroke: #235B6E;\n\t\t\tstroke-opacity: 1.01;\n\t\t}\n\t\t#hotspot-15319 .leaflet-tooltip,\n\t#hotspot-15319 .leaflet-rrose-content-wrapper {\n\t\tbackground: #ffffff;\n\t\tborder-color: #ffffff;\n\t\tcolor: #000000;\n\t}\n\n\t#hotspot-15319 a.leaflet-rrose-close-button {\n\t\tcolor: #000000;\n\t}\n\n\t#hotspot-15319 .leaflet-rrose-tip {\n\t\tbackground: #ffffff;\n\t}\n\n\t#hotspot-15319 .leaflet-popup-scrolled {\n\t\tborder-bottom-color: #000000;\n\t\tborder-top-color: #000000;\n\t}\n\n\t#hotspot-15319 .leaflet-tooltip-top:before {\n\t\tborder-top-color: #ffffff;\n\t}\n\n\t#hotspot-15319 .leaflet-tooltip-bottom:before {\n\t\tborder-bottom-color: #ffffff;\n\t}\n\t#hotspot-15319 .leaflet-tooltip-left:before {\n\t\tborder-left-color: #ffffff;\n\t}\n\t#hotspot-15319 .leaflet-tooltip-right:before {\n\t\tborder-right-color: #ffffff;\n\t}\n<\/style>\n\n\t\n\t<div class=\"hotspots-container links-only layout-left event-click\" id=\"hotspot-15319\" data-layout=\"left\" data-trigger=\"click\">\n\t\t<div class=\"hotspots-interaction\">\n\t\t\t<div class=\"hotspots-image-container\">\n\t<img\n\t\twidth=\"1536\"\n\t\theight=\"1024\"\n\t\tsrc=\"https:\/\/www.peabiru.org.br\/wp-content\/uploads\/2026\/02\/3.jpg\"\n\t\talt=\"\"\n\t\tclass=\"hotspots-image skip-lazy\"\n\t\tusemap=\"#hotspots-image-15319\"\n\t\tdata-image-title=\"\"\n\t\tdata-image-description=\"\"\n\t\tdata-event-trigger=\"click\"\n\t\tdata-always-visible=\"false\"\n\t\tdata-id=\"15319\"\n\t\tdata-no-lazy=\"1\"\n\t\tdata-lazy-src=\"\"\n\t\tdata-lazy=\"false\"\n\t\tloading=\"eager\"\n\t\tdata-skip-lazy=\"1\"\n\t\t>\n<\/div>\t\t<\/div>\n\t\t<map name=\"hotspots-image-15319\" class=\"hotspots-map\">\n\t\t\t\t\t\t\t\t\t\t\t<area\n\t\t\t\t\tshape=\"polygon\"\n\t\t\t\t\tcoords=\"811,283,825,270,839,248,839,222,837,193,821,169,818,162,816,158,803,148,797,146,756,145,707,152,666,163,644,172,627,181,613,187,600,193,579,208,541,238,510,267,490,295,451,363,433,428,424,481,447,453,473,442,500,437,525,441,547,450,563,467,574,486,589,422,607,389,631,359,663,333,694,313,745,297,793,292\"\n\t\t\t\t\thref=\"https:\/\/peabiru.org.br\/area-de-atuacao\/cadeias-de-valor-amazonicas\/\"\n\t\t\t\t\trel=\"\"\n\t\t\t\t\ttitle=\"\"\n\t\t\t\t\talt=\"\"\n\t\t\t\t\tdata-action=\"url\"\n\t\t\t\t\tdata-color-scheme=\"\"\n\t\t\t\t\ttarget=\"\"\n\t\t\t\t\tclass=\"url-area\"\n\t\t\t\t\t>\n\t\t\t\t\t\t\t\t\t\t\t<area\n\t\t\t\t\tshape=\"polygon\"\n\t\t\t\t\tcoords=\"1146,465,1138,421,1113,353,1076,290,1025,235,967,194,903,165,848,152,800,146,827,170,837,196,842,226,836,250,826,269,809,284,797,289,786,294,836,298,892,320,926,344,954,372,975,405,991,441,997,478,999,516,1027,551,1046,559,1070,563,1092,561,1103,558,1114,554,1130,538,1140,526,1149,509\"\n\t\t\t\t\thref=\"https:\/\/peabiru.org.br\/area-de-atuacao\/protecao-social\/\"\n\t\t\t\t\trel=\"\"\n\t\t\t\t\ttitle=\"\"\n\t\t\t\t\talt=\"\"\n\t\t\t\t\tdata-action=\"url\"\n\t\t\t\t\tdata-color-scheme=\"\"\n\t\t\t\t\ttarget=\"\"\n\t\t\t\t\tclass=\"url-area\"\n\t\t\t\t\t>\n\t\t\t\t\t\t\t\t\t\t\t<area\n\t\t\t\t\tshape=\"polygon\"\n\t\t\t\t\tcoords=\"1137,529,1123,548,1099,560,1079,563,1052,561,1039,557,1028,551,1018,542,1010,532,999,512,993,553,978,593,956,624,943,639,930,653,893,677,852,695,812,702,773,702,747,719,731,739,723,757,722,777,725,802,734,821,752,839,762,846,772,851,799,851,827,851,866,847,882,844,899,840,918,835,937,829,974,813,1004,795,1032,775,1059,750,1071,737,1083,722,1101,694,1120,659,1132,625,1140,591,1144,568,1147,553,1148,540,1148,507\"\n\t\t\t\t\thref=\"https:\/\/peabiru.org.br\/area-de-atuacao\/acao-socioambiental-corporativa\/\"\n\t\t\t\t\trel=\"\"\n\t\t\t\t\ttitle=\"\"\n\t\t\t\t\talt=\"\"\n\t\t\t\t\tdata-action=\"url\"\n\t\t\t\t\tdata-color-scheme=\"\"\n\t\t\t\t\ttarget=\"\"\n\t\t\t\t\tclass=\"url-area\"\n\t\t\t\t\t>\n\t\t\t\t\t\t\t\t\t\t\t<area\n\t\t\t\t\tshape=\"polygon\"\n\t\t\t\t\tcoords=\"728,846,687,837,642,819,599,797,572,780,545,761,498,714,462,660,440,603,432,574,428,545,425,516,425,487,434,471,448,456,458,450,468,445,481,441,497,440,517,441,536,447,557,461,574,484,582,552,613,614,666,666,693,678,720,691,746,697,774,701,755,713,738,727,727,745,722,764,722,789,727,807,730,814,735,821,744,832,756,842,770,851\"\n\t\t\t\t\thref=\"https:\/\/peabiru.org.br\/area-de-atuacao\/conservacao-da-biodiversidade\/\"\n\t\t\t\t\trel=\"\"\n\t\t\t\t\ttitle=\"\"\n\t\t\t\t\talt=\"\"\n\t\t\t\t\tdata-action=\"url\"\n\t\t\t\t\tdata-color-scheme=\"\"\n\t\t\t\t\ttarget=\"\"\n\t\t\t\t\tclass=\"url-area\"\n\t\t\t\t\t>\n\t\t\t\t\t<\/map>\n\n\t\t\n\t\t\t\t\t\t\t\t\t\t\t\t\t\t\t<\/div>\n\n\n<\/div>\n<\/div>\n\n\n\n<p><\/p>","protected":false},"excerpt":{"rendered":"<p>Confira as \u00e1reas de atua\u00e7\u00e3o do Instituto Peabiru<\/p>","protected":false},"author":1,"featured_media":11785,"parent":0,"menu_order":0,"comment_status":"closed","ping_status":"closed","template":"","meta":{"advanced_seo_description":"\u00c1reas de atua\u00e7\u00e3o do Instituto Peabiru nos territ\u00f3rio.","jetpack_seo_html_title":"\u00c1reas de Atua\u00e7\u00e3o","jetpack_seo_noindex":false,"footnotes":""},"class_list":["post-11109","page","type-page","status-publish","has-post-thumbnail","hentry"],"jetpack_sharing_enabled":true,"_links":{"self":[{"href":"https:\/\/www.peabiru.org.br\/en\/wp-json\/wp\/v2\/pages\/11109","targetHints":{"allow":["GET"]}}],"collection":[{"href":"https:\/\/www.peabiru.org.br\/en\/wp-json\/wp\/v2\/pages"}],"about":[{"href":"https:\/\/www.peabiru.org.br\/en\/wp-json\/wp\/v2\/types\/page"}],"author":[{"embeddable":true,"href":"https:\/\/www.peabiru.org.br\/en\/wp-json\/wp\/v2\/users\/1"}],"replies":[{"embeddable":true,"href":"https:\/\/www.peabiru.org.br\/en\/wp-json\/wp\/v2\/comments?post=11109"}],"version-history":[{"count":8,"href":"https:\/\/www.peabiru.org.br\/en\/wp-json\/wp\/v2\/pages\/11109\/revisions"}],"predecessor-version":[{"id":15476,"href":"https:\/\/www.peabiru.org.br\/en\/wp-json\/wp\/v2\/pages\/11109\/revisions\/15476"}],"wp:featuredmedia":[{"embeddable":true,"href":"https:\/\/www.peabiru.org.br\/en\/wp-json\/wp\/v2\/media\/11785"}],"wp:attachment":[{"href":"https:\/\/www.peabiru.org.br\/en\/wp-json\/wp\/v2\/media?parent=11109"}],"curies":[{"name":"wp","href":"https:\/\/api.w.org\/{rel}","templated":true}]}}