{"id":11104,"date":"2024-07-18T14:15:46","date_gmt":"2024-07-18T17:15:46","guid":{"rendered":"https:\/\/peabiru.org.br\/?page_id=11104"},"modified":"2024-07-18T14:15:46","modified_gmt":"2024-07-18T17:15:46","slug":"ods","status":"publish","type":"page","link":"https:\/\/www.peabiru.org.br\/en\/ods\/","title":{"rendered":"Objetivos do Desenvolvimento Sustent\u00e1vel"},"content":{"rendered":"<p>Encerramos a d\u00e9cada olhando em retrospectiva para as nossas a\u00e7\u00f5es nos \u00faltimos dez anos. Como parte dessa reflex\u00e3o, estamos amadurecendo a nossa capacidade de reportar resultados e definindo indicadores institucionais baseados na materialidade, como forma de nos tornarmos uma organiza\u00e7\u00e3o cada vez mais relevante para os p\u00fablicos com os quais trabalhamos. Nos \u00faltimos anos realizamos projetos t\u00e3o diversos quanto complexos e alcan\u00e7amos importante grau de maturidade em relevantes temas socioambientais para a Amaz\u00f4nia, como os servi\u00e7os ambientais e o fortalecimento de organiza\u00e7\u00f5es sociais locais. Como organiza\u00e7\u00e3o da sociedade civil com mais de 20 anos de atua\u00e7\u00e3o, buscamos agora construir indicadores s\u00f3lidos e transparentes que nos ajudem a apresentar os impactos gerados pelo nosso trabalho, seja para nossos financiadores, seja para os diferentes benefici\u00e1rios dos projetos. Trata-se de um processo de aprendizado organizacional para o qual tomamos como ponto de partida os esfor\u00e7os e compromissos globais para a sustentabilidade. Por isso, iniciamos essa constru\u00e7\u00e3o tendo por base os Objetivos de Desenvolvimento Sustent\u00e1vel (ODS), para apresentar nossas a\u00e7\u00f5es e projetos a partir de suas contribui\u00e7\u00f5es \u00e0s metas definidas pela Organiza\u00e7\u00e3o das Na\u00e7\u00f5es Unidas.<\/p>\n\n\n\n<p>A partir de uma an\u00e1lise das agendas mais representativas de nossa atua\u00e7\u00e3o nos \u00faltimos dez anos, elencamos, com o qualificado suporte do nosso quadro de associados, cinco ODS que consideramos base da nossa atua\u00e7\u00e3o: Fome Zero e Agricultura Sustent\u00e1vel, Igualdade de G\u00eanero, Redu\u00e7\u00e3o das Desigualdades, Vida Terrestre e Parcerias e Meio de Implementa\u00e7\u00e3o. Al\u00e9m destes, a emerg\u00eancia sanit\u00e1ria que a pandemia da Covid-19 imp\u00f4s nos demandou a\u00e7\u00f5es e posicionamentos contundentes diante do tema Sa\u00fade e Bem Estar, o que no ano de 2020 se apresentou de forma decisiva para toda a nossa equipe e parceiros de longa data nos territ\u00f3rios amaz\u00f4nicos.<\/p>","protected":false},"excerpt":{"rendered":"<p>A partir de uma an\u00e1lise das agendas mais representativas de nossa atua\u00e7\u00e3o nos \u00faltimos dez anos, elencamos, com o qualificado suporte do nosso quadro de associados, as ODS que consideramos base da atua\u00e7\u00e3o do Instituto Peabiru<\/p>","protected":false},"author":4,"featured_media":0,"parent":0,"menu_order":0,"comment_status":"closed","ping_status":"closed","template":"page-templates\/ods.php","meta":{"advanced_seo_description":"","jetpack_seo_html_title":"","jetpack_seo_noindex":false,"footnotes":""},"class_list":["post-11104","page","type-page","status-publish","hentry"],"jetpack_sharing_enabled":true,"_links":{"self":[{"href":"https:\/\/www.peabiru.org.br\/en\/wp-json\/wp\/v2\/pages\/11104","targetHints":{"allow":["GET"]}}],"collection":[{"href":"https:\/\/www.peabiru.org.br\/en\/wp-json\/wp\/v2\/pages"}],"about":[{"href":"https:\/\/www.peabiru.org.br\/en\/wp-json\/wp\/v2\/types\/page"}],"author":[{"embeddable":true,"href":"https:\/\/www.peabiru.org.br\/en\/wp-json\/wp\/v2\/users\/4"}],"replies":[{"embeddable":true,"href":"https:\/\/www.peabiru.org.br\/en\/wp-json\/wp\/v2\/comments?post=11104"}],"version-history":[{"count":1,"href":"https:\/\/www.peabiru.org.br\/en\/wp-json\/wp\/v2\/pages\/11104\/revisions"}],"predecessor-version":[{"id":14668,"href":"https:\/\/www.peabiru.org.br\/en\/wp-json\/wp\/v2\/pages\/11104\/revisions\/14668"}],"wp:attachment":[{"href":"https:\/\/www.peabiru.org.br\/en\/wp-json\/wp\/v2\/media?parent=11104"}],"curies":[{"name":"wp","href":"https:\/\/api.w.org\/{rel}","templated":true}]}}