{"id":11096,"date":"2024-06-26T16:34:10","date_gmt":"2024-06-26T19:34:10","guid":{"rendered":"http:\/\/peabiru.org.br\/?page_id=11096"},"modified":"2025-01-24T15:04:00","modified_gmt":"2025-01-24T18:04:00","slug":"quemsomos","status":"publish","type":"page","link":"https:\/\/www.peabiru.org.br\/en\/quemsomos\/","title":{"rendered":"About Us"},"content":{"rendered":"","protected":false},"excerpt":{"rendered":"<p>Confira quem s\u00e3o nossos colaboradores, quadro de associados e como trabalhamos aqui no Instituto Peabiru.<\/p>","protected":false},"author":280,"featured_media":0,"parent":0,"menu_order":0,"comment_status":"open","ping_status":"closed","template":"page-templates\/sobre.php","meta":{"advanced_seo_description":"O Instituto Peabiru \u00e9 uma Organiza\u00e7\u00e3o da Sociedade Civil de Interesse P\u00fablico (Oscip) brasileira, com 24 anos de atua\u00e7\u00e3o, com a miss\u00e3o de fomentar o protagonismo de grupos sociais da Amaz\u00f4nia para a promo\u00e7\u00e3o do pleno acesso aos seus direitos fundamentais.","jetpack_seo_html_title":"Quem somos","jetpack_seo_noindex":false,"footnotes":""},"class_list":["post-11096","page","type-page","status-publish","hentry"],"jetpack_sharing_enabled":true,"_links":{"self":[{"href":"https:\/\/www.peabiru.org.br\/en\/wp-json\/wp\/v2\/pages\/11096","targetHints":{"allow":["GET"]}}],"collection":[{"href":"https:\/\/www.peabiru.org.br\/en\/wp-json\/wp\/v2\/pages"}],"about":[{"href":"https:\/\/www.peabiru.org.br\/en\/wp-json\/wp\/v2\/types\/page"}],"author":[{"embeddable":true,"href":"https:\/\/www.peabiru.org.br\/en\/wp-json\/wp\/v2\/users\/280"}],"replies":[{"embeddable":true,"href":"https:\/\/www.peabiru.org.br\/en\/wp-json\/wp\/v2\/comments?post=11096"}],"version-history":[{"count":5,"href":"https:\/\/www.peabiru.org.br\/en\/wp-json\/wp\/v2\/pages\/11096\/revisions"}],"predecessor-version":[{"id":14622,"href":"https:\/\/www.peabiru.org.br\/en\/wp-json\/wp\/v2\/pages\/11096\/revisions\/14622"}],"wp:attachment":[{"href":"https:\/\/www.peabiru.org.br\/en\/wp-json\/wp\/v2\/media?parent=11096"}],"curies":[{"name":"wp","href":"https:\/\/api.w.org\/{rel}","templated":true}]}}